{"id":2434,"date":"2024-06-04T19:04:10","date_gmt":"2024-06-04T19:04:10","guid":{"rendered":"https:\/\/www.pannaanna.com.pl\/index.php\/koszyk\/"},"modified":"2024-06-04T19:04:10","modified_gmt":"2024-06-04T19:04:10","slug":"koszyk","status":"publish","type":"page","link":"https:\/\/www.pannaanna.com.pl\/index.php\/koszyk\/","title":{"rendered":"Koszyk"},"content":{"rendered":"\n<div data-block-name=\"woocommerce\/cart\" class=\"wp-block-woocommerce-cart alignwide is-loading\">\n<div data-block-name=\"woocommerce\/filled-cart-block\" class=\"wp-block-woocommerce-filled-cart-block\">\n<div data-block-name=\"woocommerce\/cart-items-block\" class=\"wp-block-woocommerce-cart-items-block\">\n<div data-block-name=\"woocommerce\/cart-line-items-block\" class=\"wp-block-woocommerce-cart-line-items-block\"><\/div>\n\n\n\n<div data-block-name=\"woocommerce\/cart-cross-sells-block\" class=\"wp-block-woocommerce-cart-cross-sells-block\">\n<h2 class=\"wp-block-heading has-large-font-size\">Zobacz inne r\u00f3wnie interesuj\u0105ce\u2026<\/h2>\n\n\n\n<div data-block-name=\"woocommerce\/cart-cross-sells-products-block\" class=\"wp-block-woocommerce-cart-cross-sells-products-block\"><\/div>\n<\/div>\n<\/div>\n\n\n\n<div data-block-name=\"woocommerce\/cart-totals-block\" class=\"wp-block-woocommerce-cart-totals-block\">\n<div data-block-name=\"woocommerce\/cart-order-summary-block\" class=\"wp-block-woocommerce-cart-order-summary-block\">\n<div data-block-name=\"woocommerce\/cart-order-summary-heading-block\" class=\"wp-block-woocommerce-cart-order-summary-heading-block\"><\/div><div data-block-name=\"woocommerce\/cart-order-summary-coupon-form-block\" class=\"wp-block-woocommerce-cart-order-summary-coupon-form-block\"><\/div><div data-block-name=\"woocommerce\/cart-order-summary-totals-block\" class=\"wp-block-woocommerce-cart-order-summary-totals-block\">\n<div data-block-name=\"woocommerce\/cart-order-summary-subtotal-block\" class=\"wp-block-woocommerce-cart-order-summary-subtotal-block\"><\/div>\n<div data-block-name=\"woocommerce\/cart-order-summary-discount-block\" class=\"wp-block-woocommerce-cart-order-summary-discount-block\"><\/div>\n<div data-block-name=\"woocommerce\/cart-order-summary-fee-block\" class=\"wp-block-woocommerce-cart-order-summary-fee-block\"><\/div>\n<div data-block-name=\"woocommerce\/cart-order-summary-shipping-block\" class=\"wp-block-woocommerce-cart-order-summary-shipping-block\"><\/div>\n<div data-block-name=\"woocommerce\/cart-order-summary-taxes-block\" class=\"wp-block-woocommerce-cart-order-summary-taxes-block\"><\/div><\/div>\n<\/div>\n\n\n\n<div data-block-name=\"woocommerce\/cart-express-payment-block\" class=\"wp-block-woocommerce-cart-express-payment-block\"><\/div>\n\n\n\n<div data-block-name=\"woocommerce\/proceed-to-checkout-block\" class=\"wp-block-woocommerce-proceed-to-checkout-block\"><\/div>\n\n\n\n<div data-block-name=\"woocommerce\/cart-accepted-payment-methods-block\" class=\"wp-block-woocommerce-cart-accepted-payment-methods-block\"><\/div>\n<\/div>\n<\/div>\n\n\n\n<div data-block-name=\"woocommerce\/empty-cart-block\" class=\"wp-block-woocommerce-empty-cart-block\">\n<h2 class=\"wp-block-heading has-text-align-center with-empty-cart-icon wc-block-cart__empty-cart__title\">Tw\u00f3j koszyk jest obecnie pusty!<\/h2>\n\n\n\n<hr class=\"wp-block-separator has-alpha-channel-opacity is-style-dots\"\/>\n\n\n\n<h2 class=\"wp-block-heading has-text-align-center\">Nowe w sklepie<\/h2>\n\n\n<div data-block-name=\"woocommerce\/product-new\" data-columns=\"4\" data-rows=\"1\" class=\"wc-block-grid wp-block-product-new wp-block-woocommerce-product-new wc-block-product-new has-4-columns\"><ul class=\"wc-block-grid__products\"><li class=\"wc-block-grid__product\">\n\t\t\t\t<a href=\"https:\/\/www.pannaanna.com.pl\/index.php\/produkt\/zaproszenie-slubne-z-wrzosem-i-rsvp\/\" class=\"wc-block-grid__product-link\">\n\t\t\t\t\t\n\t\t\t\t\t<div class=\"wc-block-grid__product-image\"><img fetchpriority=\"high\" decoding=\"async\" width=\"400\" height=\"400\" src=\"https:\/\/www.pannaanna.com.pl\/wp-content\/uploads\/2024\/08\/IMG-20230219-WA0014-400x400.jpg\" class=\"attachment-woocommerce_thumbnail size-woocommerce_thumbnail\" alt=\"zaproszenie\" srcset=\"https:\/\/www.pannaanna.com.pl\/wp-content\/uploads\/2024\/08\/IMG-20230219-WA0014-400x400.jpg 400w, https:\/\/www.pannaanna.com.pl\/wp-content\/uploads\/2024\/08\/IMG-20230219-WA0014-150x150.jpg 150w, https:\/\/www.pannaanna.com.pl\/wp-content\/uploads\/2024\/08\/IMG-20230219-WA0014-300x300.jpg 300w, https:\/\/www.pannaanna.com.pl\/wp-content\/uploads\/2024\/08\/IMG-20230219-WA0014-75x75.jpg 75w, https:\/\/www.pannaanna.com.pl\/wp-content\/uploads\/2024\/08\/IMG-20230219-WA0014-100x100.jpg 100w\" sizes=\"(max-width: 400px) 100vw, 400px\" \/><\/div>\n\t\t\t\t\t<div class=\"wc-block-grid__product-title\">Zaproszenie \u015blubne z wrzosem i RSVP<\/div>\n\t\t\t\t<\/a>\n\t\t\t\t<div class=\"wc-block-grid__product-price price\"><span class=\"woocommerce-Price-amount amount\">3,50&nbsp;<span class=\"woocommerce-Price-currencySymbol\">&#122;&#322;<\/span><\/span><\/div>\n\t\t\t\t\n\t\t\t\t<div class=\"wp-block-button wc-block-grid__product-add-to-cart\"><a href=\"\/index.php\/wp-json\/wp\/v2\/pages\/2434?add-to-cart=3101\" aria-label=\"Dodaj do koszyka: &bdquo;Zaproszenie \u015blubne z wrzosem i RSVP&rdquo;\" data-quantity=\"1\" data-product_id=\"3101\" data-product_sku=\"Zaproszenie \u015blubne z wrzosem i RSVP\" data-price=\"3.5\" rel=\"nofollow\" class=\"wp-block-button__link  add_to_cart_button ajax_add_to_cart\">Dodaj do koszyka<\/a><\/div>\n\t\t\t<\/li><li class=\"wc-block-grid__product\">\n\t\t\t\t<a href=\"https:\/\/www.pannaanna.com.pl\/index.php\/produkt\/zlocone-zaproszenie-w-listki-model-2024\/\" class=\"wc-block-grid__product-link\">\n\t\t\t\t\t<div class=\"wc-block-grid__product-onsale\">\n\t\t\t<span aria-hidden=\"true\">Promocja<\/span>\n\t\t\t<span class=\"screen-reader-text\">Produkt w promocji<\/span>\n\t\t<\/div>\n\t\t\t\t\t<div class=\"wc-block-grid__product-image\"><img decoding=\"async\" width=\"400\" height=\"400\" src=\"https:\/\/www.pannaanna.com.pl\/wp-content\/uploads\/2024\/08\/IMG_6301-scaled-1-400x400.jpg\" class=\"attachment-woocommerce_thumbnail size-woocommerce_thumbnail\" alt=\"zaproszenie \u015blubne\" srcset=\"https:\/\/www.pannaanna.com.pl\/wp-content\/uploads\/2024\/08\/IMG_6301-scaled-1-400x400.jpg 400w, https:\/\/www.pannaanna.com.pl\/wp-content\/uploads\/2024\/08\/IMG_6301-scaled-1-150x150.jpg 150w, https:\/\/www.pannaanna.com.pl\/wp-content\/uploads\/2024\/08\/IMG_6301-scaled-1-300x300.jpg 300w, https:\/\/www.pannaanna.com.pl\/wp-content\/uploads\/2024\/08\/IMG_6301-scaled-1-75x75.jpg 75w, https:\/\/www.pannaanna.com.pl\/wp-content\/uploads\/2024\/08\/IMG_6301-scaled-1-100x100.jpg 100w\" sizes=\"(max-width: 400px) 100vw, 400px\" \/><\/div>\n\t\t\t\t\t<div class=\"wc-block-grid__product-title\">Z\u0142ocone zaproszenie w listki \u2013 model 2024<\/div>\n\t\t\t\t<\/a>\n\t\t\t\t<div class=\"wc-block-grid__product-price price\"><del aria-hidden=\"true\"><span class=\"woocommerce-Price-amount amount\">5,00&nbsp;<span class=\"woocommerce-Price-currencySymbol\">&#122;&#322;<\/span><\/span><\/del> <span class=\"screen-reader-text\">Pierwotna cena wynosi\u0142a: 5,00&nbsp;&#122;&#322;.<\/span><ins aria-hidden=\"true\"><span class=\"woocommerce-Price-amount amount\">4,50&nbsp;<span class=\"woocommerce-Price-currencySymbol\">&#122;&#322;<\/span><\/span><\/ins><span class=\"screen-reader-text\">Aktualna cena wynosi: 4,50&nbsp;&#122;&#322;.<\/span><\/div>\n\t\t\t\t\n\t\t\t\t<div class=\"wp-block-button wc-block-grid__product-add-to-cart\"><a href=\"\/index.php\/wp-json\/wp\/v2\/pages\/2434?add-to-cart=3092\" aria-label=\"Dodaj do koszyka: &bdquo;Z\u0142ocone zaproszenie w listki \u2013 model 2024&rdquo;\" data-quantity=\"1\" data-product_id=\"3092\" data-product_sku=\"Z\u0142ocone zaproszenie w listki \u2013 model 2024\" data-price=\"4.5\" rel=\"nofollow\" class=\"wp-block-button__link  add_to_cart_button ajax_add_to_cart\">Dodaj do koszyka<\/a><\/div>\n\t\t\t<\/li><li class=\"wc-block-grid__product\">\n\t\t\t\t<a href=\"https:\/\/www.pannaanna.com.pl\/index.php\/produkt\/jednokartkowe-zaproszenie-slubne-hit-tanie\/\" class=\"wc-block-grid__product-link\">\n\t\t\t\t\t<div class=\"wc-block-grid__product-onsale\">\n\t\t\t<span aria-hidden=\"true\">Promocja<\/span>\n\t\t\t<span class=\"screen-reader-text\">Produkt w promocji<\/span>\n\t\t<\/div>\n\t\t\t\t\t<div class=\"wc-block-grid__product-image\"><img decoding=\"async\" width=\"400\" height=\"400\" src=\"https:\/\/www.pannaanna.com.pl\/wp-content\/uploads\/2024\/08\/unnamed-8-400x400.jpg\" class=\"attachment-woocommerce_thumbnail size-woocommerce_thumbnail\" alt=\"zaproszenie z r\u00f3\u017ca\" srcset=\"https:\/\/www.pannaanna.com.pl\/wp-content\/uploads\/2024\/08\/unnamed-8-400x400.jpg 400w, https:\/\/www.pannaanna.com.pl\/wp-content\/uploads\/2024\/08\/unnamed-8-150x150.jpg 150w, https:\/\/www.pannaanna.com.pl\/wp-content\/uploads\/2024\/08\/unnamed-8-300x300.jpg 300w, https:\/\/www.pannaanna.com.pl\/wp-content\/uploads\/2024\/08\/unnamed-8-75x75.jpg 75w, https:\/\/www.pannaanna.com.pl\/wp-content\/uploads\/2024\/08\/unnamed-8-100x100.jpg 100w\" sizes=\"(max-width: 400px) 100vw, 400px\" \/><\/div>\n\t\t\t\t\t<div class=\"wc-block-grid__product-title\">Jednokartkowe zaproszenie \u015blubne HIT TANIE<\/div>\n\t\t\t\t<\/a>\n\t\t\t\t<div class=\"wc-block-grid__product-price price\"><del aria-hidden=\"true\"><span class=\"woocommerce-Price-amount amount\">3,50&nbsp;<span class=\"woocommerce-Price-currencySymbol\">&#122;&#322;<\/span><\/span><\/del> <span class=\"screen-reader-text\">Pierwotna cena wynosi\u0142a: 3,50&nbsp;&#122;&#322;.<\/span><ins aria-hidden=\"true\"><span class=\"woocommerce-Price-amount amount\">3,30&nbsp;<span class=\"woocommerce-Price-currencySymbol\">&#122;&#322;<\/span><\/span><\/ins><span class=\"screen-reader-text\">Aktualna cena wynosi: 3,30&nbsp;&#122;&#322;.<\/span><\/div>\n\t\t\t\t\n\t\t\t\t<div class=\"wp-block-button wc-block-grid__product-add-to-cart\"><a href=\"\/index.php\/wp-json\/wp\/v2\/pages\/2434?add-to-cart=3083\" aria-label=\"Dodaj do koszyka: &bdquo;Jednokartkowe zaproszenie \u015blubne HIT TANIE&rdquo;\" data-quantity=\"1\" data-product_id=\"3083\" data-product_sku=\"Jednokartkowe zaproszenie \u015blubne HIT TANIE\" data-price=\"3.3\" rel=\"nofollow\" class=\"wp-block-button__link  add_to_cart_button ajax_add_to_cart\">Dodaj do koszyka<\/a><\/div>\n\t\t\t<\/li><li class=\"wc-block-grid__product\">\n\t\t\t\t<a href=\"https:\/\/www.pannaanna.com.pl\/index.php\/produkt\/winietka-eukaliptus\/\" class=\"wc-block-grid__product-link\">\n\t\t\t\t\t\n\t\t\t\t\t<div class=\"wc-block-grid__product-image\"><img loading=\"lazy\" decoding=\"async\" width=\"400\" height=\"400\" src=\"https:\/\/www.pannaanna.com.pl\/wp-content\/uploads\/2024\/08\/IMG_20200109_213023-scaled-1-400x400.jpg\" class=\"attachment-woocommerce_thumbnail size-woocommerce_thumbnail\" alt=\"winietka\" srcset=\"https:\/\/www.pannaanna.com.pl\/wp-content\/uploads\/2024\/08\/IMG_20200109_213023-scaled-1-400x400.jpg 400w, https:\/\/www.pannaanna.com.pl\/wp-content\/uploads\/2024\/08\/IMG_20200109_213023-scaled-1-150x150.jpg 150w, https:\/\/www.pannaanna.com.pl\/wp-content\/uploads\/2024\/08\/IMG_20200109_213023-scaled-1-300x300.jpg 300w, https:\/\/www.pannaanna.com.pl\/wp-content\/uploads\/2024\/08\/IMG_20200109_213023-scaled-1-75x75.jpg 75w, https:\/\/www.pannaanna.com.pl\/wp-content\/uploads\/2024\/08\/IMG_20200109_213023-scaled-1-100x100.jpg 100w\" sizes=\"(max-width: 400px) 100vw, 400px\" \/><\/div>\n\t\t\t\t\t<div class=\"wc-block-grid__product-title\">Winietka &#8211; z r\u00f3\u017c\u0105<\/div>\n\t\t\t\t<\/a>\n\t\t\t\t<div class=\"wc-block-grid__product-price price\"><span class=\"woocommerce-Price-amount amount\">1,00&nbsp;<span class=\"woocommerce-Price-currencySymbol\">&#122;&#322;<\/span><\/span><\/div>\n\t\t\t\t\n\t\t\t\t<div class=\"wp-block-button wc-block-grid__product-add-to-cart\"><a href=\"\/index.php\/wp-json\/wp\/v2\/pages\/2434?add-to-cart=3077\" aria-label=\"Dodaj do koszyka: &bdquo;Winietka - z r\u00f3\u017c\u0105&rdquo;\" data-quantity=\"1\" data-product_id=\"3077\" data-product_sku=\"Winietka z r\u00f3\u017c\u0105\" data-price=\"1\" rel=\"nofollow\" class=\"wp-block-button__link  add_to_cart_button ajax_add_to_cart\">Dodaj do koszyka<\/a><\/div>\n\t\t\t<\/li><\/ul><\/div><\/div>\n<\/div>\n","protected":false},"excerpt":{"rendered":"","protected":false},"author":1,"featured_media":0,"parent":0,"menu_order":0,"comment_status":"closed","ping_status":"closed","template":"","meta":{"footnotes":""},"class_list":["post-2434","page","type-page","status-publish","hentry"],"_links":{"self":[{"href":"https:\/\/www.pannaanna.com.pl\/index.php\/wp-json\/wp\/v2\/pages\/2434","targetHints":{"allow":["GET"]}}],"collection":[{"href":"https:\/\/www.pannaanna.com.pl\/index.php\/wp-json\/wp\/v2\/pages"}],"about":[{"href":"https:\/\/www.pannaanna.com.pl\/index.php\/wp-json\/wp\/v2\/types\/page"}],"author":[{"embeddable":true,"href":"https:\/\/www.pannaanna.com.pl\/index.php\/wp-json\/wp\/v2\/users\/1"}],"replies":[{"embeddable":true,"href":"https:\/\/www.pannaanna.com.pl\/index.php\/wp-json\/wp\/v2\/comments?post=2434"}],"version-history":[{"count":0,"href":"https:\/\/www.pannaanna.com.pl\/index.php\/wp-json\/wp\/v2\/pages\/2434\/revisions"}],"wp:attachment":[{"href":"https:\/\/www.pannaanna.com.pl\/index.php\/wp-json\/wp\/v2\/media?parent=2434"}],"curies":[{"name":"wp","href":"https:\/\/api.w.org\/{rel}","templated":true}]}}