{"id":2644,"date":"2024-06-05T20:35:38","date_gmt":"2024-06-05T20:35:38","guid":{"rendered":"https:\/\/www.pannaanna.com.pl\/?post_type=product&#038;p=2644"},"modified":"2025-03-10T11:37:43","modified_gmt":"2025-03-10T11:37:43","slug":"podziekowania-lotto-dla-gosci-rozne-wzory","status":"publish","type":"product","link":"https:\/\/www.pannaanna.com.pl\/index.php\/produkt\/podziekowania-lotto-dla-gosci-rozne-wzory\/","title":{"rendered":"Podzi\u0119kowanie dla go\u015bci &#8211; Lotto z etui &#8211; r\u00f3\u017cne wzory"},"content":{"rendered":"<p>Podzi\u0119kowania Lotto dla Go\u015bci to wyj\u0105tkowy spos\u00f3b na wyra\u017cenie wdzi\u0119czno\u015bci w niecodzienny spos\u00f3b. Nasze losy Lotto oferuj\u0105 nie tylko eleganckie podzi\u0119kowania, ale r\u00f3wnie\u017c szans\u0119 na atrakcyjne nagrody, co czyni je niezapomnian\u0105 pami\u0105tk\u0105. Mo\u017cliwo\u015b\u0107 personalizacji pozwala na dodanie imion go\u015bci, daty wydarzenia oraz specjalnych wiadomo\u015bci, co sprawia, \u017ce ka\u017cde podzi\u0119kowanie staje si\u0119 unikalne. Wykonane z najwy\u017cszej jako\u015bci materia\u0142\u00f3w, nasze losy Lotto zachwyc\u0105 swoj\u0105 estetyk\u0105 i trwa\u0142o\u015bci\u0105, idealnie wpisuj\u0105c si\u0119 w charakter r\u00f3\u017cnych wydarze\u0144 \u2013 od \u015blub\u00f3w, przez chrzciny, a\u017c po imprezy firmowe.<\/p>\n<p>Jak zam\u00f3wi\u0107? To proste!<br \/>\u2013 Dokonaj p\u0142atno\u015bci za wybran\u0105 ilo\u015b\u0107 podzi\u0119kowa\u0144<br \/>\u2013 Podczas zakupu w okienku\u00a0<strong>uwagi do zam\u00f3wienia<\/strong>\u00a0podczas zakupu podzi\u0119kowa\u0144 napisz jaka ma by\u0107 personalizacja, np.<strong>\u00a0Anna &amp; Jakub, 7 lipca 2022r.\u00a0<\/strong>oraz informacj\u0119, kt\u00f3ry wz\u00f3r podzi\u0119kowania wybierasz: np. zielone listki, ga\u0142\u0105zki z szyszk\u0105, czerwona r\u00f3\u017ca&#8230;<br \/>\u2013 Po zaksi\u0119gowaniu si\u0119 p\u0142atno\u015bci wy\u015blemy do Ciebie projekt podzi\u0119kowania do wgl\u0105du<br \/>\u2013 Po ostatecznej akceptacji przyst\u0119pujemy do produkcji.<\/p>\n<p>*<strong>Etui przeznaczone do zdrapki za 1 z\u0142 (np. LOTEK)<\/strong><\/p>\n<p>Specyfikacja podzi\u0119kowa\u0144<br \/>\u2013 nadruk:\u00a0<strong>pe\u0142na personalizacja<\/strong><br \/>\u2013 wydruk:\u00a0<strong>wysokiej jako\u015bci wydruk cyfrowy<\/strong><br \/>\u2013 gramatura:\u00a0<strong>ok 250g (sztywny kartoniki wizyt\u00f3wkowy)<\/strong><br \/>\u2013 przezroczyste <strong>etui<\/strong><br \/>\u2013 mo\u017cliwy dowolny\u00a0<strong>tekst<\/strong>\u00a0(wierszyk, \u015bmieszny wierszyk)<br \/>&#8211; etui przeznaczone do zdrapki za 1 z\u0142 (np. LOTEK)<\/p>\n<p>Tworzymy dla Was ju\u017c od lat..<\/p>\n","protected":false},"excerpt":{"rendered":"<p>Zaskocz swoich go\u015bci wyj\u0105tkowymi podzi\u0119kowaniami Lotto, kt\u00f3re nie tylko wyra\u017caj\u0105 wdzi\u0119czno\u015b\u0107, ale tak\u017ce daj\u0105 szans\u0119 na wygran\u0105. Personalizowane losy Lotto stanowi\u0105 niezapomnian\u0105 pami\u0105tk\u0119 ka\u017cdego wydarzenia.<\/p>\n","protected":false},"featured_media":2648,"template":"","meta":[],"product_brand":[],"product_cat":[15],"product_tag":[28,34,29,30,33,31],"class_list":{"0":"post-2644","1":"product","2":"type-product","3":"status-publish","4":"has-post-thumbnail","6":"product_cat-podziekowania-dla-gosci","7":"product_tag-podziekowania-dla-gosci","8":"product_tag-podziekowania-lotto","9":"product_tag-podziekowania-na-kazda-okazje","10":"product_tag-podziekowania-slubne","11":"product_tag-podziekowania-ze-zdrapka","12":"product_tag-upominek-weselny","14":"first","15":"instock","16":"shipping-taxable","17":"purchasable","18":"product-type-simple"},"_links":{"self":[{"href":"https:\/\/www.pannaanna.com.pl\/index.php\/wp-json\/wp\/v2\/product\/2644","targetHints":{"allow":["GET"]}}],"collection":[{"href":"https:\/\/www.pannaanna.com.pl\/index.php\/wp-json\/wp\/v2\/product"}],"about":[{"href":"https:\/\/www.pannaanna.com.pl\/index.php\/wp-json\/wp\/v2\/types\/product"}],"wp:featuredmedia":[{"embeddable":true,"href":"https:\/\/www.pannaanna.com.pl\/index.php\/wp-json\/wp\/v2\/media\/2648"}],"wp:attachment":[{"href":"https:\/\/www.pannaanna.com.pl\/index.php\/wp-json\/wp\/v2\/media?parent=2644"}],"wp:term":[{"taxonomy":"product_brand","embeddable":true,"href":"https:\/\/www.pannaanna.com.pl\/index.php\/wp-json\/wp\/v2\/product_brand?post=2644"},{"taxonomy":"product_cat","embeddable":true,"href":"https:\/\/www.pannaanna.com.pl\/index.php\/wp-json\/wp\/v2\/product_cat?post=2644"},{"taxonomy":"product_tag","embeddable":true,"href":"https:\/\/www.pannaanna.com.pl\/index.php\/wp-json\/wp\/v2\/product_tag?post=2644"}],"curies":[{"name":"wp","href":"https:\/\/api.w.org\/{rel}","templated":true}]}}