{"id":2666,"date":"2024-06-05T20:51:35","date_gmt":"2024-06-05T20:51:35","guid":{"rendered":"https:\/\/www.pannaanna.com.pl\/?post_type=product&#038;p=2666"},"modified":"2024-07-19T14:11:15","modified_gmt":"2024-07-19T14:11:15","slug":"podziekowania-bajeczne-dla-gosci-slub-wesele-18stka","status":"publish","type":"product","link":"https:\/\/www.pannaanna.com.pl\/index.php\/produkt\/podziekowania-bajeczne-dla-gosci-slub-wesele-18stka\/","title":{"rendered":"Podzi\u0119kowania Bajeczne dla Go\u015bci &#8211; \u015blub, wesele, 18stka\u2026"},"content":{"rendered":"<p>Nasze bajeczne podzi\u0119kowania w pi\u0119knych, personalizowanych opakowaniach stanowi\u0105 wspania\u0142y upominek, kt\u00f3ry zachwyci ka\u017cdego go\u015bcia. Mo\u017cliwo\u015b\u0107 dodania imion, daty wydarzenia oraz specjalnych wiadomo\u015bci sprawia, \u017ce ka\u017cde podzi\u0119kowanie staje si\u0119 unikalne i osobiste. Wysokiej jako\u015bci materia\u0142y i staranne wykonanie gwarantuj\u0105 estetyczny wygl\u0105d i trwa\u0142o\u015b\u0107. Nasze podzi\u0119kowania bajeczne s\u0105 doskona\u0142ym wyborem na r\u00f3\u017cnorodne okazje \u2013 \u015bluby, chrzciny, urodziny, czy imprezy firmowe, dodaj\u0105c ka\u017cdemu wydarzeniu nut\u0119 magii i wyj\u0105tkowo\u015bci.<\/p>\n<p>Jak zam\u00f3wi\u0107? To proste!<br \/>&#8211; <strong>Dokonaj p\u0142atno\u015bci<\/strong> za wybran\u0105 ilo\u015b\u0107 podzi\u0119kowa\u0144 Bajecznych.<br \/>&#8211; <strong>Podaj szczeg\u00f3\u0142y personalizacji<\/strong> w okienku &#8222;Uwagi do zam\u00f3wienia&#8221; podczas zakupu. Napisz, jakie maj\u0105 by\u0107 imiona, data wydarzenia oraz ewentualne dodatkowe informacje, np. &#8222;Anna &amp; Jakub, 7 lipca 2022 r.&#8221;<br \/>&#8211; <strong>Projekt do zatwierdzenia:<\/strong> Po zaksi\u0119gowaniu p\u0142atno\u015bci wy\u015blemy do Ciebie projekt do potwierdzenia lub wprowadzenia poprawek.<br \/>&#8211; <strong>Produkcja:<\/strong> Po ostatecznej akceptacji przyst\u0119pujemy do produkcji Twoich podzi\u0119kowa\u0144.<\/p>\n<p>Podzi\u0119kowania nie zabieraj\u0105 batonika &#8222;Bajeczny&#8221;.<\/p>\n","protected":false},"excerpt":{"rendered":"<p>Wyra\u017a swoj\u0105 wdzi\u0119czno\u015b\u0107 z bajecznymi podzi\u0119kowaniami dla go\u015bci, kt\u00f3re dodadz\u0105 magii ka\u017cdemu wydarzeniu.<\/p>\n","protected":false},"featured_media":2673,"template":"","meta":[],"product_brand":[],"product_cat":[15,21],"product_tag":[37,28,29,30,35],"class_list":{"0":"post-2666","1":"product","2":"type-product","3":"status-publish","4":"has-post-thumbnail","6":"product_cat-podziekowania-dla-gosci","7":"product_cat-podziekowania-z-okazji-urodzin","8":"product_tag-podziekowania-batonik-bajeczny","9":"product_tag-podziekowania-dla-gosci","10":"product_tag-podziekowania-na-kazda-okazje","11":"product_tag-podziekowania-slubne","12":"product_tag-slodkie-podziekowania","14":"first","15":"instock","16":"shipping-taxable","17":"purchasable","18":"product-type-simple"},"_links":{"self":[{"href":"https:\/\/www.pannaanna.com.pl\/index.php\/wp-json\/wp\/v2\/product\/2666","targetHints":{"allow":["GET"]}}],"collection":[{"href":"https:\/\/www.pannaanna.com.pl\/index.php\/wp-json\/wp\/v2\/product"}],"about":[{"href":"https:\/\/www.pannaanna.com.pl\/index.php\/wp-json\/wp\/v2\/types\/product"}],"wp:featuredmedia":[{"embeddable":true,"href":"https:\/\/www.pannaanna.com.pl\/index.php\/wp-json\/wp\/v2\/media\/2673"}],"wp:attachment":[{"href":"https:\/\/www.pannaanna.com.pl\/index.php\/wp-json\/wp\/v2\/media?parent=2666"}],"wp:term":[{"taxonomy":"product_brand","embeddable":true,"href":"https:\/\/www.pannaanna.com.pl\/index.php\/wp-json\/wp\/v2\/product_brand?post=2666"},{"taxonomy":"product_cat","embeddable":true,"href":"https:\/\/www.pannaanna.com.pl\/index.php\/wp-json\/wp\/v2\/product_cat?post=2666"},{"taxonomy":"product_tag","embeddable":true,"href":"https:\/\/www.pannaanna.com.pl\/index.php\/wp-json\/wp\/v2\/product_tag?post=2666"}],"curies":[{"name":"wp","href":"https:\/\/api.w.org\/{rel}","templated":true}]}}