{"id":2691,"date":"2024-06-05T21:37:27","date_gmt":"2024-06-05T21:37:27","guid":{"rendered":"https:\/\/www.pannaanna.com.pl\/?post_type=product&#038;p=2691"},"modified":"2024-06-05T21:43:28","modified_gmt":"2024-06-05T21:43:28","slug":"zlocona-winietka","status":"publish","type":"product","link":"https:\/\/www.pannaanna.com.pl\/index.php\/produkt\/zlocona-winietka\/","title":{"rendered":"Winietka \u015blubna r\u0119cznie Z\u0141OCONA"},"content":{"rendered":"<p>Z\u0142ocone winietki to niezast\u0105piony dodatek, kt\u00f3ry podkre\u015bli elegancj\u0119 ka\u017cdego przyj\u0119cia. Nasze winietki wykonane s\u0105 z najwy\u017cszej jako\u015bci papieru, a ka\u017cda z nich ozdobiona jest z\u0142oceniem, kt\u00f3re jest r\u0119cznie nanoszone na dolnym brzegu. To wyj\u0105tkowy detal, kt\u00f3ry dodaje niepowtarzalnego blasku i uroku Twojemu sto\u0142owi. Nasze winietki s\u0105 idealnym uzupe\u0142nieniem zar\u00f3wno tradycyjnych, jak i nowoczesnych aran\u017cacji sto\u0142\u00f3w. Niezale\u017cnie od okazji &#8211; czy to \u015blub, bankiet, czy spotkanie biznesowe &#8211; nasze winietki dodadz\u0105 niepowtarzalnego charakteru i elegancji. Zam\u00f3w ju\u017c dzi\u015b i spraw, by Twoje wydarzenie by\u0142o wyj\u0105tkowe i niezapomniane.<\/p>\n","protected":false},"excerpt":{"rendered":"<p>Dodaj wyj\u0105tkowy blask Twoim uroczysto\u015bciom dzi\u0119ki naszym winietkom ze z\u0142oceniem. <\/p>\n","protected":false},"featured_media":2695,"template":"","meta":[],"product_brand":[],"product_cat":[19],"product_tag":[38,39,40],"class_list":{"0":"post-2691","1":"product","2":"type-product","3":"status-publish","4":"has-post-thumbnail","6":"product_cat-winietki","7":"product_tag-winietka","8":"product_tag-winietka-slubna","9":"product_tag-zlocona-winietka","11":"first","12":"instock","13":"shipping-taxable","14":"purchasable","15":"product-type-simple"},"_links":{"self":[{"href":"https:\/\/www.pannaanna.com.pl\/index.php\/wp-json\/wp\/v2\/product\/2691","targetHints":{"allow":["GET"]}}],"collection":[{"href":"https:\/\/www.pannaanna.com.pl\/index.php\/wp-json\/wp\/v2\/product"}],"about":[{"href":"https:\/\/www.pannaanna.com.pl\/index.php\/wp-json\/wp\/v2\/types\/product"}],"wp:featuredmedia":[{"embeddable":true,"href":"https:\/\/www.pannaanna.com.pl\/index.php\/wp-json\/wp\/v2\/media\/2695"}],"wp:attachment":[{"href":"https:\/\/www.pannaanna.com.pl\/index.php\/wp-json\/wp\/v2\/media?parent=2691"}],"wp:term":[{"taxonomy":"product_brand","embeddable":true,"href":"https:\/\/www.pannaanna.com.pl\/index.php\/wp-json\/wp\/v2\/product_brand?post=2691"},{"taxonomy":"product_cat","embeddable":true,"href":"https:\/\/www.pannaanna.com.pl\/index.php\/wp-json\/wp\/v2\/product_cat?post=2691"},{"taxonomy":"product_tag","embeddable":true,"href":"https:\/\/www.pannaanna.com.pl\/index.php\/wp-json\/wp\/v2\/product_tag?post=2691"}],"curies":[{"name":"wp","href":"https:\/\/api.w.org\/{rel}","templated":true}]}}