{"id":2731,"date":"2024-06-07T14:42:36","date_gmt":"2024-06-07T14:42:36","guid":{"rendered":"https:\/\/www.pannaanna.com.pl\/?post_type=product&#038;p=2731"},"modified":"2024-06-07T14:44:27","modified_gmt":"2024-06-07T14:44:27","slug":"podziekowania-merci-flowers-dla-gosci-slub-wesele-18stka","status":"publish","type":"product","link":"https:\/\/www.pannaanna.com.pl\/index.php\/produkt\/podziekowania-merci-flowers-dla-gosci-slub-wesele-18stka\/","title":{"rendered":"Podzi\u0119kowania MERCI flowers dla go\u015bci \u2013 \u015blub, wesele, 18stka\u2026"},"content":{"rendered":"<p>Podzi\u0119kowania Merci dla Go\u015bci to doskona\u0142y spos\u00f3b na wyra\u017cenie wdzi\u0119czno\u015bci w elegancki i smakowity spos\u00f3b. Mo\u017cliwo\u015b\u0107 dodania imion, daty wydarzenia oraz specjalnych wiadomo\u015bci na opakowaniach sprawia, \u017ce podzi\u0119kowania staj\u0105 si\u0119 wyj\u0105tkowe i osobiste. Nasze podzi\u0119kowania Merci s\u0105 doskona\u0142ym wyborem na r\u00f3\u017cnorodne okazje, takie jak \u015bluby, chrzciny, urodziny, czy imprezy firmowe, dodaj\u0105c ka\u017cdemu wydarzeniu nut\u0119 elegancji i wyj\u0105tkowo\u015bci.<\/p>\n<p>Jak zam\u00f3wi\u0107? To proste!<br \/>&#8211; <strong>Dokonaj p\u0142atno\u015bci<\/strong> za wybran\u0105 ilo\u015b\u0107 podzi\u0119kowa\u0144 Merci.<br \/>&#8211; <strong>Podaj szczeg\u00f3\u0142y personalizacji<\/strong> w okienku &#8222;Uwagi do zam\u00f3wienia&#8221; podczas zakupu. Napisz, jakie maj\u0105 by\u0107 imiona, data wydarzenia oraz ewentualne dodatkowe informacje, np. &#8222;Anna &amp; Jakub, 7 lipca 2022 r.&#8221;. Je\u015bli chcesz zmieni\u0107 kolor wst\u0105\u017cki, r\u00f3wnie\u017c napisz, jaki kolor Ci\u0119 interesuje.<br \/>&#8211; <strong>Projekt do zatwierdzenia:<\/strong> Po zaksi\u0119gowaniu p\u0142atno\u015bci wy\u015blemy do Ciebie projekt do potwierdzenia lub wprowadzenia poprawek.<br \/>&#8211; <strong>Produkcja:<\/strong> Po ostatecznej akceptacji przyst\u0119pujemy do produkcji Twoich podzi\u0119kowa\u0144.<\/p>\n<p>! <strong>Czekoladki:<\/strong> Nale\u017cy zakupi\u0107 we w\u0142asnym zakresie. Zam\u00f3wienie nie zawiera widocznych czekoladek.<\/p>\n<p>Tworzymy dla Was wyj\u0105tkowe podzi\u0119kowania ju\u017c od lat!<\/p>\n","protected":false},"excerpt":{"rendered":"<p style=\"margin-bottom: 0cm\">Podzi\u0119kuj swoim go\u015bciom w wyj\u0105tkowy spos\u00f3b dzi\u0119ki eleganckim czekoladkom Merci. Personalizowane<br \/>opakowania sprawi\u0105, \u017ce ka\u017cdy poczuje si\u0119 doceniony i wyj\u0105tkowy. <\/p>\n<p><\/p>\n","protected":false},"featured_media":2735,"template":"","meta":[],"product_brand":[],"product_cat":[15],"product_tag":[28,36,29,30,27],"class_list":{"0":"post-2731","1":"product","2":"type-product","3":"status-publish","4":"has-post-thumbnail","6":"product_cat-podziekowania-dla-gosci","7":"product_tag-podziekowania-dla-gosci","8":"product_tag-podziekowania-merci","9":"product_tag-podziekowania-na-kazda-okazje","10":"product_tag-podziekowania-slubne","11":"product_tag-podziekowaniadlagosci","13":"first","14":"instock","15":"shipping-taxable","16":"purchasable","17":"product-type-simple"},"_links":{"self":[{"href":"https:\/\/www.pannaanna.com.pl\/index.php\/wp-json\/wp\/v2\/product\/2731","targetHints":{"allow":["GET"]}}],"collection":[{"href":"https:\/\/www.pannaanna.com.pl\/index.php\/wp-json\/wp\/v2\/product"}],"about":[{"href":"https:\/\/www.pannaanna.com.pl\/index.php\/wp-json\/wp\/v2\/types\/product"}],"wp:featuredmedia":[{"embeddable":true,"href":"https:\/\/www.pannaanna.com.pl\/index.php\/wp-json\/wp\/v2\/media\/2735"}],"wp:attachment":[{"href":"https:\/\/www.pannaanna.com.pl\/index.php\/wp-json\/wp\/v2\/media?parent=2731"}],"wp:term":[{"taxonomy":"product_brand","embeddable":true,"href":"https:\/\/www.pannaanna.com.pl\/index.php\/wp-json\/wp\/v2\/product_brand?post=2731"},{"taxonomy":"product_cat","embeddable":true,"href":"https:\/\/www.pannaanna.com.pl\/index.php\/wp-json\/wp\/v2\/product_cat?post=2731"},{"taxonomy":"product_tag","embeddable":true,"href":"https:\/\/www.pannaanna.com.pl\/index.php\/wp-json\/wp\/v2\/product_tag?post=2731"}],"curies":[{"name":"wp","href":"https:\/\/api.w.org\/{rel}","templated":true}]}}