{"id":2744,"date":"2024-06-07T15:02:49","date_gmt":"2024-06-07T15:02:49","guid":{"rendered":"https:\/\/www.pannaanna.com.pl\/?post_type=product&#038;p=2744"},"modified":"2024-08-15T15:28:37","modified_gmt":"2024-08-15T15:28:37","slug":"posrebrzane-podziekowania-na-kazda-okazje-breloczek-z-dowolna-zawieszka","status":"publish","type":"product","link":"https:\/\/www.pannaanna.com.pl\/index.php\/produkt\/posrebrzane-podziekowania-na-kazda-okazje-breloczek-z-dowolna-zawieszka\/","title":{"rendered":"Posrebrzane podzi\u0119kowania na ka\u017cd\u0105 okazj\u0119 \u2013 Breloczek z Dowoln\u0105 Zawieszk\u0105"},"content":{"rendered":"<p><strong>Breloczek z zawieszk\u0105 na szcz\u0119\u015bcie \u2013 to idealne podzi\u0119kowanie dla Twoich go\u015bci. Jeste\u015bmy przekonani, \u017ce ka\u017cdy zachowa tak\u0105 pami\u0105tk\u0119 na d\u0142ugo i doczepi do swoich kluczy.<\/strong><\/p>\n<p>Podzi\u0119kowanie jest <strong>r\u0119cznie posrebrzane<\/strong>, co nadaje mu wyj\u0105tkowy i elegancki wygl\u0105d. Dzi\u0119ki starannemu r\u0119cznemu wykonaniu ka\u017cda kartka jest unikalna i pe\u0142na uroku.<\/p>\n<p>Charakterystyka:<br \/><strong>Personalizacja:<\/strong> Podzi\u0119kowanie sk\u0142ada si\u0119 z personalizowanej, <strong>r\u0119cznie posrebrzanej karteczki<\/strong> (gramatura 250g) z dowolnym napisem oraz breloczkiem, np. ze s\u0142onikiem, koniczynk\u0105.<br \/><strong>Uniwersalno\u015b\u0107:<\/strong> Doskona\u0142e na r\u00f3\u017cne okazje, takie jak \u015blub, urodziny, chrzest, 18-stka czy komunia.<br \/><strong>Elegancja:<\/strong> Fantastyczna pami\u0105tka, kt\u00f3ra dzi\u0119ki r\u0119cznemu z\u0142oceniu wygl\u0105da wyj\u0105tkowo pi\u0119knie i zachwyci ka\u017cdego go\u015bcia.<\/p>\n<h4 class=\"western\">Jak Zam\u00f3wi\u0107?<\/h4>\n<p>To proste! Wystarczy wykona\u0107 kilka krok\u00f3w:<\/p>\n<p>1. <strong>Dokonaj P\u0142atno\u015bci:<\/strong> Zap\u0142a\u0107 za wybran\u0105 ilo\u015b\u0107 zawieszek.<br \/>2. <strong>Podaj Personalizacj\u0119:<\/strong> Podczas zakupu, w okienku uwagi do zam\u00f3wienia, wpisz, jak\u0105 personalizacj\u0119 chcesz, np. Anna &amp; Jakub, 7 lipca 2022r. oraz wybierz zawieszk\u0119, np. koniczynka. Je\u015bli chcesz zmieni\u0107 kolor wst\u0105\u017cki, poinformuj nas o preferowanym kolorze.<br \/>3. <strong>Potwierdzenie Projektu:<\/strong> Po zaksi\u0119gowaniu p\u0142atno\u015bci, wy\u015blemy do Ciebie projekt zawieszki do potwierdzenia lub wprowadzenia poprawek.<br \/>4. <strong>Produkcja:<\/strong> Po ostatecznej akceptacji przyst\u0119pujemy do produkcji.<\/p>\n<p><em>Uwaga: Ze wzgl\u0119du na du\u017cy popyt s\u0142onik\u00f3w, przed zam\u00f3wieniem zapytaj nas o dost\u0119pno\u015b\u0107 tej zawieszki \u2013 staramy si\u0119 na bie\u017c\u0105co uzupe\u0142nia\u0107 stan magazynowy, ale schodz\u0105 migusiem&#8230;<\/em><\/p>\n","protected":false},"excerpt":{"rendered":"<p>Breloczek z zawieszk\u0105 na szcz\u0119\u015bcie to idealne podzi\u0119kowanie dla Twoich go\u015bci. Jeste\u015bmy przekonani, \u017ce ka\u017cdy zachowa tak\u0105 pami\u0105tk\u0119 na d\u0142ugo i doczepi do swoich kluczy.<\/p>\n","protected":false},"featured_media":2749,"template":"","meta":[],"product_brand":[],"product_cat":[15],"product_tag":[32,28,29,30,27],"class_list":{"0":"post-2744","1":"product","2":"type-product","3":"status-publish","4":"has-post-thumbnail","6":"product_cat-podziekowania-dla-gosci","7":"product_tag-breloczek-na-slub","8":"product_tag-podziekowania-dla-gosci","9":"product_tag-podziekowania-na-kazda-okazje","10":"product_tag-podziekowania-slubne","11":"product_tag-podziekowaniadlagosci","13":"first","14":"instock","15":"sale","16":"shipping-taxable","17":"purchasable","18":"product-type-simple"},"_links":{"self":[{"href":"https:\/\/www.pannaanna.com.pl\/index.php\/wp-json\/wp\/v2\/product\/2744","targetHints":{"allow":["GET"]}}],"collection":[{"href":"https:\/\/www.pannaanna.com.pl\/index.php\/wp-json\/wp\/v2\/product"}],"about":[{"href":"https:\/\/www.pannaanna.com.pl\/index.php\/wp-json\/wp\/v2\/types\/product"}],"wp:featuredmedia":[{"embeddable":true,"href":"https:\/\/www.pannaanna.com.pl\/index.php\/wp-json\/wp\/v2\/media\/2749"}],"wp:attachment":[{"href":"https:\/\/www.pannaanna.com.pl\/index.php\/wp-json\/wp\/v2\/media?parent=2744"}],"wp:term":[{"taxonomy":"product_brand","embeddable":true,"href":"https:\/\/www.pannaanna.com.pl\/index.php\/wp-json\/wp\/v2\/product_brand?post=2744"},{"taxonomy":"product_cat","embeddable":true,"href":"https:\/\/www.pannaanna.com.pl\/index.php\/wp-json\/wp\/v2\/product_cat?post=2744"},{"taxonomy":"product_tag","embeddable":true,"href":"https:\/\/www.pannaanna.com.pl\/index.php\/wp-json\/wp\/v2\/product_tag?post=2744"}],"curies":[{"name":"wp","href":"https:\/\/api.w.org\/{rel}","templated":true}]}}