{"id":2751,"date":"2024-06-07T15:07:53","date_gmt":"2024-06-07T15:07:53","guid":{"rendered":"https:\/\/www.pannaanna.com.pl\/?post_type=product&#038;p=2751"},"modified":"2025-05-07T09:32:50","modified_gmt":"2025-05-07T09:32:50","slug":"hit-2024-kwiaty-boho-zaproszenie-slubne-personalizacja-koperta","status":"publish","type":"product","link":"https:\/\/www.pannaanna.com.pl\/index.php\/produkt\/hit-2024-kwiaty-boho-zaproszenie-slubne-personalizacja-koperta\/","title":{"rendered":"HIT 2024 KWIATY BOHO zaproszenie \u015blubne PERSONALIZACJA + KOPERTA"},"content":{"rendered":"<p>Podzi\u0119kowanie w stylu BOHO to absolutny hit 2024 roku. Wz\u00f3r BOHO charakteryzuje si\u0119 naturalnymi motywami i delikatnymi kolorami, kt\u00f3re wprowadzaj\u0105 romantyczny i swobodny klimat.<\/p>\n<p><strong>Zam\u00f3wienie obejmuje:<\/strong><br \/>&#8211; <strong>Druk cyfrowy<\/strong>\u00a0zaproszenia w formacie 13 cm x 13 cm (po z\u0142o\u017ceniu)<br \/>&#8211; <strong>Ekskluzywny papier o charakterystycznej t\u0142oczonej powierzchni w pr\u0105\u017cki\u00a0<\/strong>\u00a0<strong>o grubo\u015bci 250 g<\/strong><br \/>&#8211; <strong>Kopert\u0119 kwadratow\u0105<\/strong>\u00a014 cm x 14 cm idealnie pasuj\u0105c\u0105 do zaproszenia<br \/>&#8211; <strong>Kolorow\u0105 tasiemk\u0119<\/strong>\u00a0(prosz\u0119 nas poinformowa\u0107 o wyborze koloru: pudrowy r\u00f3\u017c, srebrna)<br \/>&#8211; <strong>Personalizacj\u0119 listy go\u015bci<\/strong>\u00a0lub\u00a0<strong>wykropkowan\u0105 lini\u0119<\/strong>,<br \/>&#8211; Wydruk dwustronny, full kolor, bigowanie maszynowe<br \/>&#8211; <strong>Projekt graficzny<\/strong>\u00a0oraz\u00a0<strong>mo\u017cliwo\u015b\u0107 naniesienia poprawek<\/strong><br \/>&#8211; <strong>P\u00f3\u0142roczn\u0105 archiwizacj\u0119 zam\u00f3wienia<\/strong>\u00a0co w praktyce oznacza mo\u017cliwo\u015b\u0107 dom\u00f3wienia pojedynczych sztuk w przysz\u0142o\u015bci<\/p>\n<p><strong>Jak Zam\u00f3wi\u0107?<\/strong><br \/>To proste! Wystarczy wykona\u0107 kilka krok\u00f3w:<\/p>\n<p>&#8211; <strong>Dokonaj P\u0142atno\u015bci:<\/strong> Wybierz ilo\u015b\u0107 zaprosze\u0144 i dokonaj p\u0142atno\u015bci.<br \/>&#8211; <strong>Prze\u015blij Dane:<\/strong> Prze\u015blij wszystkie niezb\u0119dne dane na adres e-mail pracownia@pannaanna.com.pl. Wymagane informacje to: imiona i nazwiska pary m\u0142odej, lokalizacja ko\u015bcio\u0142a i sali, data i godzina ceremonii, numery telefon\u00f3w, termin potwierdzenia obecno\u015bci go\u015bci na weselu oraz ewentualna lista go\u015bci w formacie Worda lub Excela.<br \/>&#8211; <strong>Projekt Zaproszenia:<\/strong> Na podstawie przes\u0142anych danych wykonamy projekt zaproszenia i prze\u015blemy go do Pa\u0144stwa w ci\u0105gu 24 godzin do potwierdzenia lub zg\u0142oszenia ewentualnych poprawek.<br \/>&#8211; <strong>Ostateczna Akceptacja:<\/strong> Po otrzymaniu projektu prosimy o ostateczne potwierdzenie lub ewentualne poprawki.<\/p>\n<p>Prosimy pami\u0119ta\u0107, \u017ce zar\u00f3wno wst\u0119pny projekt, jak i ewentualne poprawki wymagaj\u0105 Pa\u0144stwa akceptacji. Bez tego nie mo\u017cemy kontynuowa\u0107 produkcji zam\u00f3wienia.<\/p>\n","protected":false},"excerpt":{"rendered":"<p>Zaproszenie \u015blubne w stylu boho to hit 2024 roku. Delikatne motywy, elegancka koperta i wst\u0105\u017cka tworz\u0105 romantyczny i swobodny klimat, idealny na ka\u017cd\u0105 okazj\u0119.<\/p>\n","protected":false},"featured_media":2753,"template":"","meta":[],"product_brand":[],"product_cat":[18],"product_tag":[49,45,50,51,52],"class_list":{"0":"post-2751","1":"product","2":"type-product","3":"status-publish","4":"has-post-thumbnail","6":"product_cat-zaproszenia-slubne","7":"product_tag-delikatne-zaproszenie-slubne","8":"product_tag-eleganckie-zaproszenia-slubne","9":"product_tag-hit-2023-zaproszenie-slubne","10":"product_tag-hit-2024-zaproszenie-slubne","11":"product_tag-tanie-zaproszenie-slubne","13":"first","14":"instock","15":"shipping-taxable","16":"purchasable","17":"product-type-simple"},"_links":{"self":[{"href":"https:\/\/www.pannaanna.com.pl\/index.php\/wp-json\/wp\/v2\/product\/2751","targetHints":{"allow":["GET"]}}],"collection":[{"href":"https:\/\/www.pannaanna.com.pl\/index.php\/wp-json\/wp\/v2\/product"}],"about":[{"href":"https:\/\/www.pannaanna.com.pl\/index.php\/wp-json\/wp\/v2\/types\/product"}],"wp:featuredmedia":[{"embeddable":true,"href":"https:\/\/www.pannaanna.com.pl\/index.php\/wp-json\/wp\/v2\/media\/2753"}],"wp:attachment":[{"href":"https:\/\/www.pannaanna.com.pl\/index.php\/wp-json\/wp\/v2\/media?parent=2751"}],"wp:term":[{"taxonomy":"product_brand","embeddable":true,"href":"https:\/\/www.pannaanna.com.pl\/index.php\/wp-json\/wp\/v2\/product_brand?post=2751"},{"taxonomy":"product_cat","embeddable":true,"href":"https:\/\/www.pannaanna.com.pl\/index.php\/wp-json\/wp\/v2\/product_cat?post=2751"},{"taxonomy":"product_tag","embeddable":true,"href":"https:\/\/www.pannaanna.com.pl\/index.php\/wp-json\/wp\/v2\/product_tag?post=2751"}],"curies":[{"name":"wp","href":"https:\/\/api.w.org\/{rel}","templated":true}]}}