{"id":2781,"date":"2024-06-07T15:39:00","date_gmt":"2024-06-07T15:39:00","guid":{"rendered":"https:\/\/www.pannaanna.com.pl\/?post_type=product&#038;p=2781"},"modified":"2024-07-24T13:10:10","modified_gmt":"2024-07-24T13:10:10","slug":"podziekowanie-muffinka-z-okazji-urodzin-chrzcin-dziecka-breloczek-z-dowolna-zawieszka","status":"publish","type":"product","link":"https:\/\/www.pannaanna.com.pl\/index.php\/produkt\/podziekowanie-muffinka-z-okazji-urodzin-chrzcin-dziecka-breloczek-z-dowolna-zawieszka\/","title":{"rendered":"Podzi\u0119kowanie MUFFINKA z okazji urodzin, chrzcin dziecka \u2013 breloczek z dowoln\u0105 zawieszk\u0105"},"content":{"rendered":"<p style=\"margin-bottom: 15px;font-size: 15px\"><strong>Breloczek z zawieszk\u0105 na szcz\u0119\u015bcie \u2013 to idealne podzi\u0119kowanie dla Twoich go\u015bci. Jeste\u015bmy przekonani, \u017ce ka\u017cdy zachowa tak\u0105 pami\u0105tk\u0119 na d\u0142ugo i doczepi do swoich kluczy.<\/strong><\/p>\n<p style=\"margin-bottom: 15px;font-size: 15px\">Podzi\u0119kowanie dla go\u015bci sk\u0142ada si\u0119 z personalizowanej karteczki (gramatura 250g) z dowolnym napisem i breloczkiem np. ze s\u0142onikiem, koniczynk\u0105, serduszkiem. Mo\u017ce to by\u0107 podzi\u0119kowanie za przybycie na wesele, urodziny, chrzest, 18-stk\u0119 czy komuni\u0119. To fantastyczna pami\u0105tka, wygl\u0105da to naprawd\u0119 pi\u0119knie.\u00a0<font color=\"#464646\"><font face=\"Open Sans\"><font style=\"font-size: 11pt\"><\/p>\n<p><strong>Jak zam\u00f3wi\u0107? To proste!<\/strong><br \/>\u2013\u00a0<strong>Dokonaj p\u0142atno\u015bci za wybran\u0105 ilo\u015b\u0107 podzi\u0119kowa\u0144<\/strong><br \/>\u2013 Podczas zakupu w okienku\u00a0 <strong>uwagi do zam\u00f3wienia<\/strong>\u00a0podczas zakupu podzi\u0119kowa\u0144 napisz jaka ma by\u0107 personalizacja, np.<strong> 10 urodziny Agatki, oraz informacja jak\u0105 wybierasz zawieszk\u0119 np. koniczynka.\u00a0<\/strong>Je\u015bli chcia\u0142by\u015b zmieni\u0107 kolor wst\u0105\u017cki \u2013 wystarczy nam napisa\u0107 jaki kolor Ci\u0119 interesuj\u0119.<br \/>\u2013 Po zaksi\u0119gowaniu si\u0119 p\u0142atno\u015bci wy\u015blemy do Ciebie\u00a0<strong>projekt<\/strong>\u00a0do potwierdzenia lub okre\u015blenia poprawek.<br \/>\u2013 Po ostatecznej akceptacji przyst\u0119pujemy do<strong> produkcji.<\/strong><br \/>Uwaga: Ze wzgl\u0119du na du\u017ce zainteresowanie s\u0142onikami, przed z\u0142o\u017ceniem zam\u00f3wienia zapytaj nas o dost\u0119pno\u015b\u0107 tej zawieszki \u2013 staramy si\u0119 na bie\u017c\u0105co uzupe\u0142nia\u0107 stan magazynowy, ale schodz\u0105 one bardzo szybko\u2026<\/font><\/font><\/font><\/p>\n<p style=\"margin-bottom: 15px;font-size: 15px\"><font color=\"#464646\"><font face=\"Open Sans\"><font style=\"font-size: 11pt\">Specyfikacja podzi\u0119kowa\u0144<br \/>\u2013 nadruk:\u00a0<strong>pe\u0142na personalizacja<\/strong><br \/>\u2013 wydruk:\u00a0<strong>wysokiej jako\u015bci wydruk cyfrowy<\/strong><br \/>\u2013 gramatura:\u00a0<strong>ok 250g (sztywny kartoniki wizyt\u00f3wkowy)<\/strong><br \/>\u2013\u00a0<strong>breloczek z dowoln\u0105 zawieszk\u0105<\/strong>\u00a0(koniczynka, serduszko, kominiarz, s\u0142onik, pszcz\u00f3\u0142ka z miodem, klucz z sercem)<br \/>\u2013 mo\u017cliwy dowolny\u00a0<strong>tekst<\/strong>\u00a0(wierszyk, \u015bmieszny wierszyk)<br \/>\u2013\u00a0<strong>wst\u0105\u017ceczka<\/strong><\/font><\/font><\/font><\/p>\n<p style=\"margin-bottom: 15px;font-size: 15px\"><font color=\"#464646\"><font face=\"Open Sans\"><font style=\"font-size: 11pt\">A co najwa\u017cniejsze \u2013 otrzymasz gotowy produkt, do wr\u0119czenia.<br \/>Tworzymy dla Was ju\u017c od lat\u2026<\/font><\/font><\/font><\/p>\n<p><\/p>\n<p style=\"margin-bottom: 0.4cm;border: none;padding: 0cm\">\n<p style=\"margin-bottom: 0.4cm;border: none;padding: 0cm\">\n<p style=\"margin-bottom: 15px;font-size: 15px\">\n<p style=\"margin-bottom: 0.4cm;border: none;padding: 0cm\">\n<section class=\"related products\" style=\"font-size: 15px\"><\/section>\n","protected":false},"excerpt":{"rendered":"<p><\/p>\n<p style=\"margin-bottom: 0cm\">\n<p style=\"margin-bottom: 0.4cm;border: none;padding: 0cm\"><strong>Breloczek z zawieszk\u0105 na szcz\u0119\u015bcie \u2013 to idealne podzi\u0119kowanie dla Twoich go\u015bci. Jeste\u015bmy przekonani, \u017ce ka\u017cdy zachowa tak\u0105 pami\u0105tk\u0119 na d\u0142ugo i doczepi do swoich kluczy.<\/strong><\/p>\n<p><\/p>\n","protected":false},"featured_media":2782,"template":"","meta":[],"product_brand":[],"product_cat":[21],"product_tag":[],"class_list":{"0":"post-2781","1":"product","2":"type-product","3":"status-publish","4":"has-post-thumbnail","6":"product_cat-podziekowania-z-okazji-urodzin","8":"first","9":"instock","10":"sale","11":"shipping-taxable","12":"purchasable","13":"product-type-simple"},"_links":{"self":[{"href":"https:\/\/www.pannaanna.com.pl\/index.php\/wp-json\/wp\/v2\/product\/2781","targetHints":{"allow":["GET"]}}],"collection":[{"href":"https:\/\/www.pannaanna.com.pl\/index.php\/wp-json\/wp\/v2\/product"}],"about":[{"href":"https:\/\/www.pannaanna.com.pl\/index.php\/wp-json\/wp\/v2\/types\/product"}],"wp:featuredmedia":[{"embeddable":true,"href":"https:\/\/www.pannaanna.com.pl\/index.php\/wp-json\/wp\/v2\/media\/2782"}],"wp:attachment":[{"href":"https:\/\/www.pannaanna.com.pl\/index.php\/wp-json\/wp\/v2\/media?parent=2781"}],"wp:term":[{"taxonomy":"product_brand","embeddable":true,"href":"https:\/\/www.pannaanna.com.pl\/index.php\/wp-json\/wp\/v2\/product_brand?post=2781"},{"taxonomy":"product_cat","embeddable":true,"href":"https:\/\/www.pannaanna.com.pl\/index.php\/wp-json\/wp\/v2\/product_cat?post=2781"},{"taxonomy":"product_tag","embeddable":true,"href":"https:\/\/www.pannaanna.com.pl\/index.php\/wp-json\/wp\/v2\/product_tag?post=2781"}],"curies":[{"name":"wp","href":"https:\/\/api.w.org\/{rel}","templated":true}]}}