{"id":2800,"date":"2024-06-07T16:48:59","date_gmt":"2024-06-07T16:48:59","guid":{"rendered":"https:\/\/www.pannaanna.com.pl\/?post_type=product&#038;p=2800"},"modified":"2025-03-10T11:35:50","modified_gmt":"2025-03-10T11:35:50","slug":"eleganckie-zlote-zaproszenie-slubne-z-rsvp-i-koperta-hit-tanie","status":"publish","type":"product","link":"https:\/\/www.pannaanna.com.pl\/index.php\/produkt\/eleganckie-zlote-zaproszenie-slubne-z-rsvp-i-koperta-hit-tanie\/","title":{"rendered":"Eleganckie z\u0142ote zaproszenie \u015blubne z RSVP i kopert\u0105 HIT TANIE"},"content":{"rendered":"<p>Zaproszenie \u015blubne z delikatn\u0105, \u015bmietankow\u0105 kopert\u0105 to idealny wyb\u00f3r dla tych, kt\u00f3rzy pragn\u0105 nada\u0107 swojemu zaproszeniu subtelny, elegancki charakter. Wykonane z najwy\u017cszej jako\u015bci papieru, zaproszenia te emanuj\u0105 delikatno\u015bci\u0105 i klasyk\u0105, dzi\u0119ki swojej prostej, ale gustownej estetyce.<\/p>\n<p>Metalizowany sznureczek dodaje zaproszeniu subtelnej b\u0142yskotliwo\u015bci, podkre\u015blaj\u0105c jego elegancj\u0119. <span style=\"font-family: var(--wp--preset--font-family--system-font)\">Dodatkowo, opcja RSVP umo\u017cliwia \u0142atwe potwierdzenie obecno\u015bci go\u015bci, co u\u0142atwia organizacj\u0119 przyj\u0119cia weselnego. <\/span><\/p>\n<p>Zam\u00f3wienie obejmuje:<br \/>&#8211; Druk cyfrowy <strong>zaproszenia w formacie 10,5 cm x 15,5 cm oraz kartki RSVP o wymiarach 10,5 cm x 7,5 cm.<\/strong><br \/>&#8211; <strong>\u015amietankow\u0105 kopert\u0119<\/strong> w rozmiarze C6, idealnie pasuj\u0105c\u0105 do zaproszenia, o grubo\u015bci 110 g.<br \/>&#8211; Wydruk na ekskluzywnym papierze o charakterystycznej <strong>t\u0142oczonej powierzchni w pr\u0105\u017cki <\/strong>o gramaturze 250 g.<br \/>&#8211; Delikatny <strong>metalizowany sznureczek<\/strong> do samodzielnego zawi\u0105zania.<br \/>&#8211; <strong>Personalizacj\u0119 listy go\u015bci <\/strong>lub wykropkowan\u0105 lini\u0119.<br \/>&#8211; Wydruk w pe\u0142nym kolorze.<br \/>&#8211; <strong>Projekt graficzny oraz mo\u017cliwo\u015b\u0107 naniesienia poprawek.<\/strong><br \/>&#8211; <strong>P\u00f3\u0142roczn\u0105 archiwizacj\u0119 zam\u00f3wienia<\/strong>, co w praktyce oznacza mo\u017cliwo\u015b\u0107 dom\u00f3wienia pojedynczych sztuk bez minimalnego zam\u00f3wienia.<\/p>\n<p>Wydruk zaprosze\u0144 oraz wk\u0142adki nast\u0119puje na t\u0142oczonej powierzchni w pr\u0105\u017cki, przy czym pr\u0105\u017cek ten mo\u017ce przybra\u0107 wygl\u0105d g\u00f3ra-d\u00f3\u0142 lub od lewej do prawej.<\/p>\n<p><strong>Jak Zam\u00f3wi\u0107?<\/strong><br \/>To proste! Wystarczy wykona\u0107 kilka krok\u00f3w:<br \/>\u2013\u00a0<strong>Dokonaj P\u0142atno\u015bci:<\/strong>\u00a0Wybierz ilo\u015b\u0107 zaprosze\u0144 i dokonaj p\u0142atno\u015bci.<br \/>\u2013\u00a0<strong>Prze\u015blij Dane:<\/strong>\u00a0Prze\u015blij wszystkie niezb\u0119dne dane na adres e-mail pracownia@pannaanna.pl. Wymagane informacje to: imiona i nazwiska pary m\u0142odej, lokalizacja ko\u015bcio\u0142a i sali, data i godzina ceremonii, numery telefon\u00f3w, termin potwierdzenia obecno\u015bci go\u015bci na weselu oraz ewentualna lista go\u015bci w formacie Worda lub Excela.<br \/>\u2013\u00a0<strong>Projekt Zaproszenia:<\/strong>\u00a0Na podstawie przes\u0142anych danych wykonamy projekt zaproszenia i prze\u015blemy go do Pa\u0144stwa w ci\u0105gu 24 godzin do potwierdzenia lub zg\u0142oszenia ewentualnych poprawek.<br \/>\u2013\u00a0<strong>Ostateczna Akceptacja:<\/strong>\u00a0Po otrzymaniu projektu prosimy o ostateczne potwierdzenie lub ewentualne poprawki.<br \/>Prosimy pami\u0119ta\u0107, \u017ce zar\u00f3wno wst\u0119pny projekt, jak i ewentualne poprawki wymagaj\u0105 Pa\u0144stwa akceptacji. Bez tego nie mo\u017cemy kontynuowa\u0107 produkcji zam\u00f3wienia.<\/p>\n","protected":false},"excerpt":{"rendered":"<p>Wykonane z wysokiej jako\u015bci papieru faktorowanego, z metalizowanym sznureczkiem. Dodatkowo, opcja RSVP umo\u017cliwia \u0142atwe potwierdzenie obecno\u015bci go\u015bci.<\/p>\n","protected":false},"featured_media":2804,"template":"","meta":[],"product_brand":[],"product_cat":[18],"product_tag":[49,45,50,51,53],"class_list":{"0":"post-2800","1":"product","2":"type-product","3":"status-publish","4":"has-post-thumbnail","6":"product_cat-zaproszenia-slubne","7":"product_tag-delikatne-zaproszenie-slubne","8":"product_tag-eleganckie-zaproszenia-slubne","9":"product_tag-hit-2023-zaproszenie-slubne","10":"product_tag-hit-2024-zaproszenie-slubne","11":"product_tag-zaproszenie-slubne-z-gipsowka","13":"first","14":"instock","15":"shipping-taxable","16":"purchasable","17":"product-type-simple"},"_links":{"self":[{"href":"https:\/\/www.pannaanna.com.pl\/index.php\/wp-json\/wp\/v2\/product\/2800","targetHints":{"allow":["GET"]}}],"collection":[{"href":"https:\/\/www.pannaanna.com.pl\/index.php\/wp-json\/wp\/v2\/product"}],"about":[{"href":"https:\/\/www.pannaanna.com.pl\/index.php\/wp-json\/wp\/v2\/types\/product"}],"wp:featuredmedia":[{"embeddable":true,"href":"https:\/\/www.pannaanna.com.pl\/index.php\/wp-json\/wp\/v2\/media\/2804"}],"wp:attachment":[{"href":"https:\/\/www.pannaanna.com.pl\/index.php\/wp-json\/wp\/v2\/media?parent=2800"}],"wp:term":[{"taxonomy":"product_brand","embeddable":true,"href":"https:\/\/www.pannaanna.com.pl\/index.php\/wp-json\/wp\/v2\/product_brand?post=2800"},{"taxonomy":"product_cat","embeddable":true,"href":"https:\/\/www.pannaanna.com.pl\/index.php\/wp-json\/wp\/v2\/product_cat?post=2800"},{"taxonomy":"product_tag","embeddable":true,"href":"https:\/\/www.pannaanna.com.pl\/index.php\/wp-json\/wp\/v2\/product_tag?post=2800"}],"curies":[{"name":"wp","href":"https:\/\/api.w.org\/{rel}","templated":true}]}}