{"id":2826,"date":"2024-06-07T17:04:52","date_gmt":"2024-06-07T17:04:52","guid":{"rendered":"https:\/\/www.pannaanna.com.pl\/?post_type=product&#038;p=2826"},"modified":"2025-03-10T11:35:10","modified_gmt":"2025-03-10T11:35:10","slug":"zlocone-zaproszenie-slubne-ze-zlocona-wkladka-kolekcja-camila","status":"publish","type":"product","link":"https:\/\/www.pannaanna.com.pl\/index.php\/produkt\/zlocone-zaproszenie-slubne-ze-zlocona-wkladka-kolekcja-camila\/","title":{"rendered":"Z\u0142ocone zaproszenie \u015blubne ze z\u0142ocon\u0105 wk\u0142adk\u0105 \u2013 kolekcja Camila"},"content":{"rendered":"<p>Z\u0142ocone zaproszenia \u015blubne CAMILA- s\u0105 idealnym wyborem dla tych, kt\u00f3rzy szukaj\u0105 czego\u015b wyj\u0105tkowego i eleganckiego. Ka\u017cde zaproszenie zosta\u0142o starannie zaprojektowane, aby przyci\u0105gn\u0105\u0107 uwag\u0119 i podkre\u015bli\u0107 wyj\u0105tkowo\u015b\u0107 Waszego wydarzenia.<\/p>\n<p>Zam\u00f3wienie obejmuje:<br \/>&#8211; <strong>Druk Cyfrowy Zaproszenia:<\/strong> Zaproszenia w formacie 10,5 cm x 15,5 cm oraz kartki RSVP na ekskluzywnym papierze o charakterystycznej t\u0142oczonej powierzchni o gramaturze 250 g.<br \/>&#8211; <strong>Koperta w Rozmiarze C6:<\/strong> Do\u0142\u0105czona do zaproszenia, wykonana z papieru o grubo\u015bci 110 g, w kolorze jasnego \u015bmietankowego koloru<br \/>&#8211; <strong>Z\u0142ocenie R\u0119czne:<\/strong> R\u0119cznie wykonane z\u0142ocenie na brzegu zaproszenia, dodaj\u0105ce mu niepowtarzalnego blasku i elegancji.<br \/>&#8211; <strong>Personalizacja:<\/strong> Mo\u017cliwo\u015b\u0107 personalizacji listy go\u015bci lub wykropkowanej linii. Po dokonaniu zam\u00f3wienia, prosimy o przes\u0142anie niezb\u0119dnych danych na adres e-mail: <a>pracownia@pannaanna.com.pl<\/a>.<br \/>&#8211; <strong>Projekt Graficzny:<\/strong> Otrzymasz projekt zaproszenia do zatwierdzenia lub wprowadzenia ewentualnych poprawek w terminie 24 godzin od przes\u0142ania wszystkich niezb\u0119dnych danych.<br \/>&#8211; <strong>Dodatkowe Opcje:<\/strong> Mo\u017cliwo\u015b\u0107 dodania dowolnego rebusu \u015blubnego lub wierszyka na zaproszeniu.<br \/>&#8211; <strong>Archiwizacja Zam\u00f3wienia:<\/strong> Zam\u00f3wienie b\u0119dzie archiwizowane przez p\u00f3\u0142 roku, umo\u017cliwiaj\u0105c dom\u00f3wienie pojedynczych sztuk w razie potrzeby.<\/p>\n<p>Procedura Zam\u00f3wienia:<br \/>&#8211; <strong>Dokonaj P\u0142atno\u015bci:<\/strong> Wybierz odpowiedni\u0105 ilo\u015b\u0107 zaprosze\u0144 i dokonaj p\u0142atno\u015bci.<br \/>&#8211; <strong>Prze\u015blij Dane:<\/strong> Na adres e-mail: <a>pracownia@pannaanna.com.pl<\/a> prze\u015blij wszystkie niezb\u0119dne dane, w tym imiona i nazwiska pary m\u0142odej, dat\u0119, godzin\u0119, miejsce oraz list\u0119 go\u015bci.<br \/>&#8211; <strong>Projekt Zaproszenia:<\/strong> Otrzymasz projekt zaproszenia do zatwierdzenia lub wprowadzenia ewentualnych poprawek.<br \/>&#8211; <strong>Produkcja:<\/strong> Po ostatecznej akceptacji projektu przyst\u0105pimy do produkcji zaprosze\u0144.<\/p>\n<p>Zapewniamy, \u017ce ka\u017cde zaproszenie b\u0119dzie starannie wykonane, spe\u0142niaj\u0105c wszystkie Pa\u0144stwa oczekiwania i dodaj\u0105c wyj\u0105tkowego uroku Waszemu wielkiemu dniu.<\/p>\n","protected":false},"excerpt":{"rendered":"<p>Zaproszenia \u015blubne z kolekcji Camila to po\u0142\u0105czenie wyrafinowanego designu z r\u0119cznie z\u0142ocenionymi detalami, dodaj\u0105cymi im niepowtarzalnego blasku.<\/p>\n","protected":false},"featured_media":2830,"template":"","meta":[],"product_brand":[],"product_cat":[18],"product_tag":[73],"class_list":{"0":"post-2826","1":"product","2":"type-product","3":"status-publish","4":"has-post-thumbnail","6":"product_cat-zaproszenia-slubne","7":"product_tag-zlocone-zaproszenie-slubne-ze-zlocona-wkladka-kolekcja-camila","9":"first","10":"instock","11":"shipping-taxable","12":"purchasable","13":"product-type-simple"},"_links":{"self":[{"href":"https:\/\/www.pannaanna.com.pl\/index.php\/wp-json\/wp\/v2\/product\/2826","targetHints":{"allow":["GET"]}}],"collection":[{"href":"https:\/\/www.pannaanna.com.pl\/index.php\/wp-json\/wp\/v2\/product"}],"about":[{"href":"https:\/\/www.pannaanna.com.pl\/index.php\/wp-json\/wp\/v2\/types\/product"}],"wp:featuredmedia":[{"embeddable":true,"href":"https:\/\/www.pannaanna.com.pl\/index.php\/wp-json\/wp\/v2\/media\/2830"}],"wp:attachment":[{"href":"https:\/\/www.pannaanna.com.pl\/index.php\/wp-json\/wp\/v2\/media?parent=2826"}],"wp:term":[{"taxonomy":"product_brand","embeddable":true,"href":"https:\/\/www.pannaanna.com.pl\/index.php\/wp-json\/wp\/v2\/product_brand?post=2826"},{"taxonomy":"product_cat","embeddable":true,"href":"https:\/\/www.pannaanna.com.pl\/index.php\/wp-json\/wp\/v2\/product_cat?post=2826"},{"taxonomy":"product_tag","embeddable":true,"href":"https:\/\/www.pannaanna.com.pl\/index.php\/wp-json\/wp\/v2\/product_tag?post=2826"}],"curies":[{"name":"wp","href":"https:\/\/api.w.org\/{rel}","templated":true}]}}