{"id":2848,"date":"2024-06-07T17:54:09","date_gmt":"2024-06-07T17:54:09","guid":{"rendered":"https:\/\/www.pannaanna.com.pl\/?post_type=product&#038;p=2848"},"modified":"2024-07-19T14:00:02","modified_gmt":"2024-07-19T14:00:02","slug":"winietki-subne-z-gipsowka","status":"publish","type":"product","link":"https:\/\/www.pannaanna.com.pl\/index.php\/produkt\/winietki-subne-z-gipsowka\/","title":{"rendered":"Winietki \u015bubne z gips\u00f3wk\u0105"},"content":{"rendered":"<p>Nasze winietki \u015blubne z gips\u00f3wk\u0105 to doskona\u0142y spos\u00f3b na dodanie elegancji i osobistego akcentu do Twojego wyj\u0105tkowego dnia. Wykonane z najwy\u017cszej jako\u015bci papieru fakturowanego w delikatne pr\u0105\u017cki, te winietki nie tylko pe\u0142ni\u0105 funkcj\u0119 praktyczn\u0105, ale r\u00f3wnie\u017c stanowi\u0105 pi\u0119kn\u0105 ozdob\u0119 sto\u0142u. Ka\u017cda winietka zosta\u0142a starannie zaprojektowana z motywem gips\u00f3wki, co nadaje jej unikalny i uroczy charakter.<\/p>\n<p>Jak zam\u00f3wi\u0107? To proste!<br \/>&#8211;<strong>Dokonaj p\u0142atno\u015bci<\/strong> za wybran\u0105 ilo\u015b\u0107 winietek.<br \/>&#8211;<strong>Podaj list\u0119 go\u015bci:<\/strong> Wysy\u0142aj\u0105c informacje na adres e-mail: <a>pracownia@pannaanna.com.pl<\/a>, podaj list\u0119 go\u015bci wraz z ich inicja\u0142ami Pary M\u0142odej.<br \/>&#8211;<strong>Projekt do zatwierdzenia:<\/strong> Po zaksi\u0119gowaniu p\u0142atno\u015bci wy\u015blemy do Ciebie projekt winietki do potwierdzenia lub wprowadzenia poprawek.<br \/>&#8211;<strong>Produkcja:<\/strong> Po ostatecznej akceptacji przyst\u0119pujemy do produkcji Twoich winietek.<\/p>\n","protected":false},"excerpt":{"rendered":"<p>Delikatne wzory gips\u00f3wki nadaj\u0105 winietkom subtelny, romantyczny charakter, kt\u00f3ry idealnie wsp\u00f3\u0142gra z atmosfer\u0105 tego wyj\u0105tkowego dnia.<\/p>\n","protected":false},"featured_media":2850,"template":"","meta":[],"product_brand":[],"product_cat":[19],"product_tag":[38,39,61],"class_list":{"0":"post-2848","1":"product","2":"type-product","3":"status-publish","4":"has-post-thumbnail","6":"product_cat-winietki","7":"product_tag-winietka","8":"product_tag-winietka-slubna","9":"product_tag-winietka-z-gipsowka","11":"first","12":"instock","13":"shipping-taxable","14":"purchasable","15":"product-type-simple"},"_links":{"self":[{"href":"https:\/\/www.pannaanna.com.pl\/index.php\/wp-json\/wp\/v2\/product\/2848","targetHints":{"allow":["GET"]}}],"collection":[{"href":"https:\/\/www.pannaanna.com.pl\/index.php\/wp-json\/wp\/v2\/product"}],"about":[{"href":"https:\/\/www.pannaanna.com.pl\/index.php\/wp-json\/wp\/v2\/types\/product"}],"wp:featuredmedia":[{"embeddable":true,"href":"https:\/\/www.pannaanna.com.pl\/index.php\/wp-json\/wp\/v2\/media\/2850"}],"wp:attachment":[{"href":"https:\/\/www.pannaanna.com.pl\/index.php\/wp-json\/wp\/v2\/media?parent=2848"}],"wp:term":[{"taxonomy":"product_brand","embeddable":true,"href":"https:\/\/www.pannaanna.com.pl\/index.php\/wp-json\/wp\/v2\/product_brand?post=2848"},{"taxonomy":"product_cat","embeddable":true,"href":"https:\/\/www.pannaanna.com.pl\/index.php\/wp-json\/wp\/v2\/product_cat?post=2848"},{"taxonomy":"product_tag","embeddable":true,"href":"https:\/\/www.pannaanna.com.pl\/index.php\/wp-json\/wp\/v2\/product_tag?post=2848"}],"curies":[{"name":"wp","href":"https:\/\/api.w.org\/{rel}","templated":true}]}}