{"id":2852,"date":"2024-06-07T17:57:42","date_gmt":"2024-06-07T17:57:42","guid":{"rendered":"https:\/\/www.pannaanna.com.pl\/?post_type=product&#038;p=2852"},"modified":"2024-07-19T13:59:52","modified_gmt":"2024-07-19T13:59:52","slug":"winietki-subne-boho","status":"publish","type":"product","link":"https:\/\/www.pannaanna.com.pl\/index.php\/produkt\/winietki-subne-boho\/","title":{"rendered":"Winietki \u015bubne BOHO"},"content":{"rendered":"<p>Wykonane z wysokiej jako\u015bci papieru fakturowanego, te winietki nie tylko pe\u0142ni\u0105 funkcj\u0119 praktyczn\u0105, ale tak\u017ce dodaj\u0105 uroku i charakteru ka\u017cdemu nakryciu sto\u0142u. Ka\u017cda winietka zosta\u0142a starannie zaprojektowana z my\u015bl\u0105 o stylu BOHO, tworz\u0105c niepowtarzalny i artystyczny wygl\u0105d, kt\u00f3ry idealnie pasuje do tej swobodnej, romantycznej estetyki.<\/p>\n<p>Jak zam\u00f3wi\u0107? To proste!<br \/>&#8211;<strong>Dokonaj p\u0142atno\u015bci<\/strong> za wybran\u0105 ilo\u015b\u0107 winietek.<br \/>&#8211;<strong>Podaj list\u0119 go\u015bci:<\/strong> Wysy\u0142aj\u0105c informacje na adres e-mail: <a>pracownia@pannaanna.com.pl<\/a>, podaj list\u0119 go\u015bci wraz z ich inicja\u0142ami Pary M\u0142odej.<br \/>&#8211;<strong>Projekt do zatwierdzenia:<\/strong> Po zaksi\u0119gowaniu p\u0142atno\u015bci wy\u015blemy do Ciebie projekt winietki do potwierdzenia lub wprowadzenia poprawek.<br \/>&#8211;<strong>Produkcja:<\/strong> Po ostatecznej akceptacji przyst\u0119pujemy do produkcji Twoich winietek.<\/p>\n","protected":false},"excerpt":{"rendered":"<p>Winietki \u015blubne w stylu BOHO to idealne dodatki, kt\u00f3re dodadz\u0105 uroku i charakteru ka\u017cdemu nakryciu sto\u0142u na Twoim wyj\u0105tkowym przyj\u0119ciu.<\/p>\n","protected":false},"featured_media":2853,"template":"","meta":[],"product_brand":[],"product_cat":[19],"product_tag":[38,62,39],"class_list":{"0":"post-2852","1":"product","2":"type-product","3":"status-publish","4":"has-post-thumbnail","6":"product_cat-winietki","7":"product_tag-winietka","8":"product_tag-winietka-boho","9":"product_tag-winietka-slubna","11":"first","12":"instock","13":"shipping-taxable","14":"purchasable","15":"product-type-simple"},"_links":{"self":[{"href":"https:\/\/www.pannaanna.com.pl\/index.php\/wp-json\/wp\/v2\/product\/2852","targetHints":{"allow":["GET"]}}],"collection":[{"href":"https:\/\/www.pannaanna.com.pl\/index.php\/wp-json\/wp\/v2\/product"}],"about":[{"href":"https:\/\/www.pannaanna.com.pl\/index.php\/wp-json\/wp\/v2\/types\/product"}],"wp:featuredmedia":[{"embeddable":true,"href":"https:\/\/www.pannaanna.com.pl\/index.php\/wp-json\/wp\/v2\/media\/2853"}],"wp:attachment":[{"href":"https:\/\/www.pannaanna.com.pl\/index.php\/wp-json\/wp\/v2\/media?parent=2852"}],"wp:term":[{"taxonomy":"product_brand","embeddable":true,"href":"https:\/\/www.pannaanna.com.pl\/index.php\/wp-json\/wp\/v2\/product_brand?post=2852"},{"taxonomy":"product_cat","embeddable":true,"href":"https:\/\/www.pannaanna.com.pl\/index.php\/wp-json\/wp\/v2\/product_cat?post=2852"},{"taxonomy":"product_tag","embeddable":true,"href":"https:\/\/www.pannaanna.com.pl\/index.php\/wp-json\/wp\/v2\/product_tag?post=2852"}],"curies":[{"name":"wp","href":"https:\/\/api.w.org\/{rel}","templated":true}]}}