{"id":2874,"date":"2024-06-07T18:11:43","date_gmt":"2024-06-07T18:11:43","guid":{"rendered":"https:\/\/www.pannaanna.com.pl\/?post_type=product&#038;p=2874"},"modified":"2024-06-17T10:56:17","modified_gmt":"2024-06-17T10:56:17","slug":"zawieszki-na-alkohol-z-gipsowka","status":"publish","type":"product","link":"https:\/\/www.pannaanna.com.pl\/index.php\/produkt\/zawieszki-na-alkohol-z-gipsowka\/","title":{"rendered":"Zawieszki na alkohol z gips\u00f3wk\u0105"},"content":{"rendered":"<p>Zawieszki z gips\u00f3wk\u0105 i jutowym sznureczkiem doskonale sprawdz\u0105 si\u0119 jako ozdoba sto\u0142u podczas uroczysto\u015bci \u015blubnej, przyj\u0119cia weselnego, chrzcin czy innych wydarze\u0144. Ich naturalny wygl\u0105d i subtelny design sprawiaj\u0105, \u017ce s\u0105 one idealnym dodatkiem do ka\u017cdej aran\u017cacji, dodaj\u0105c uroku i wyj\u0105tkowo\u015bci ka\u017cdemu wydarzeniu.<\/p>\n<p>Jak Zam\u00f3wi\u0107?<br \/>&#8211; <strong>Dodaj do Koszyka:<\/strong> Wybierz potrzebn\u0105 ilo\u015b\u0107 zawieszek na alkohol i dodaj je do koszyka.<br \/> &#8211; <strong>Uwagi do Zam\u00f3wienia:<\/strong> W okienku &#8222;UWAGI DO ZAM\u00d3WIENIA&#8221; podczas sk\u0142adania zam\u00f3wienia, podaj nam szczeg\u00f3\u0142y dotycz\u0105ce personalizacji, takie jak imiona pary m\u0142odej oraz data \u015blubu.<br \/>&#8211; <strong>Dokonaj P\u0142atno\u015bci:<\/strong> Po dodaniu zawieszek do koszyka, dokonaj p\u0142atno\u015bci za wybran\u0105 ilo\u015b\u0107.<br \/>&#8211; <strong>Projekt Zawieszki:<\/strong> Po zaksi\u0119gowaniu si\u0119 p\u0142atno\u015bci, prze\u015blemy do Ciebie projekt zawieszki do potwierdzenia lub wprowadzenia ewentualnych poprawek.<br \/>&#8211; <strong>Produkcja:<\/strong> Po ostatecznej akceptacji projektu przyst\u0105pimy do produkcji. Ka\u017cda zawieszka jest starannie wykonana z dba\u0142o\u015bci\u0105 o ka\u017cdy detal.<\/p>\n<p>OTRZYMUJ\u0104 PA\u0143STWO GOTOWY PRODUKT DO ZAWIESZENIA.<\/p>\n<p>Zawieszki z gips\u00f3wk\u0105 i jutowym sznureczkiem to wyj\u0105tkowe dodatki, kt\u00f3re nadaj\u0105 naturalnego uroku i rustykalnego charakteru ka\u017cdemu wydarzeniu.<\/p>\n","protected":false},"excerpt":{"rendered":"<p><p>Zawieszki z gips\u00f3wk\u0105 i jutowym sznureczkiem to wyj\u0105tkowe dodatki, kt\u00f3re nadaj\u0105 naturalnego uroku i rustykalnego charakteru ka\u017cdemu wydarzeniu.<\/p><\/p>\n","protected":false},"featured_media":2875,"template":"","meta":[],"product_brand":[],"product_cat":[20],"product_tag":[46,64,48,47],"class_list":{"0":"post-2874","1":"product","2":"type-product","3":"status-publish","4":"has-post-thumbnail","6":"product_cat-zawieszki-na-alkohol","7":"product_tag-zawieszki-na-alkohol","8":"product_tag-zawieszki-na-alkohol-z-gipsowka","9":"product_tag-zawieszki-na-butelke-ze-smiesznymi-tekstami","10":"product_tag-zlocone-zawieszki-na-butelke","12":"first","13":"instock","14":"shipping-taxable","15":"purchasable","16":"product-type-simple"},"_links":{"self":[{"href":"https:\/\/www.pannaanna.com.pl\/index.php\/wp-json\/wp\/v2\/product\/2874","targetHints":{"allow":["GET"]}}],"collection":[{"href":"https:\/\/www.pannaanna.com.pl\/index.php\/wp-json\/wp\/v2\/product"}],"about":[{"href":"https:\/\/www.pannaanna.com.pl\/index.php\/wp-json\/wp\/v2\/types\/product"}],"wp:featuredmedia":[{"embeddable":true,"href":"https:\/\/www.pannaanna.com.pl\/index.php\/wp-json\/wp\/v2\/media\/2875"}],"wp:attachment":[{"href":"https:\/\/www.pannaanna.com.pl\/index.php\/wp-json\/wp\/v2\/media?parent=2874"}],"wp:term":[{"taxonomy":"product_brand","embeddable":true,"href":"https:\/\/www.pannaanna.com.pl\/index.php\/wp-json\/wp\/v2\/product_brand?post=2874"},{"taxonomy":"product_cat","embeddable":true,"href":"https:\/\/www.pannaanna.com.pl\/index.php\/wp-json\/wp\/v2\/product_cat?post=2874"},{"taxonomy":"product_tag","embeddable":true,"href":"https:\/\/www.pannaanna.com.pl\/index.php\/wp-json\/wp\/v2\/product_tag?post=2874"}],"curies":[{"name":"wp","href":"https:\/\/api.w.org\/{rel}","templated":true}]}}