{"id":2887,"date":"2024-06-17T10:36:26","date_gmt":"2024-06-17T10:36:26","guid":{"rendered":"https:\/\/www.pannaanna.com.pl\/?post_type=product&#038;p=2887"},"modified":"2024-07-19T14:22:00","modified_gmt":"2024-07-19T14:22:00","slug":"zaproszenie-slubne-ze-szkicem-waszego-kosciola","status":"publish","type":"product","link":"https:\/\/www.pannaanna.com.pl\/index.php\/produkt\/zaproszenie-slubne-ze-szkicem-waszego-kosciola\/","title":{"rendered":"Zaproszenie \u015blubne ze szkicem Waszego Ko\u015bcio\u0142a"},"content":{"rendered":"<p>Zaproszenie \u015blubne wykonane w kolorystyce z\u0142amanej bieli i pastelowego r\u00f3\u017cu. Fakturowania w papierze nadaj\u0105 naturalnego klimatu, a szkic Waszego Ko\u015bcio\u0142a nada wyj\u0105tkowo\u015bci.<\/p>\n<p><strong>Zam\u00f3wienie obejmuje:<\/strong><br \/>&#8211; <strong>Druk cyfrowy zaproszenia<\/strong>\u00a0w formacie 10,5 cm x 15,5 cm oraz\u00a0<strong>kartki RSVP<\/strong>\u00a0w formacie 7,5 cm x 10,5 cm<br \/>&#8211; <strong>Kopert\u0119 w rozmiarze C6<\/strong> idealnie pasuj\u0105c\u0105 do zaproszenia\u00a0<strong>o grubo\u015bci 110 g w kolorze jasnego pastelowego r\u00f3\u017cu<\/strong><br \/>&#8211; Wydruk na\u00a0<strong>ekskluzywnym papierze o charakterystycznej t\u0142oczonej powierzchni 250 g<\/strong><br \/>&#8211; <strong>Wst\u0105\u017cka\u00a0<\/strong>do samodzielnego zawi\u0105zania<br \/>&#8211; <strong>Personalizacj\u0119 listy go\u015bci<\/strong>\u00a0lub wykropkowan\u0105 lini\u0119<br \/>&#8211; <strong>Szkic Waszego Ko\u015bcio\u0142a<\/strong>\u00a0w kt\u00f3rych bierzecie \u015blub na podstawie przes\u0142anego zdj\u0119cia ko\u015bcio\u0142a (mo\u017ce to by\u0107 zdj\u0119cie znalezione w Google). Zwracamy uwag\u0119, \u017ce szkic powstaj\u0105cy na podstawie dostarczonego zdj\u0119cia nie jest technicznie rysunkiem, ale obrazem, kt\u00f3ry przypomina rysunek. Du\u017cy wp\u0142yw na wygl\u0105d finalnego obrazu ma jako\u015b\u0107 dostarczonego przez Pa\u0144stwa zdj\u0119cia.<br \/>&#8211; <strong>Projekt graficzny<\/strong>\u00a0oraz mo\u017cliwo\u015b\u0107 naniesienia\u00a0<strong>poprawek<\/strong><br \/>&#8211; <strong>P\u00f3\u0142roczn\u0105 archiwizacj\u0119 zam\u00f3wienia<\/strong>\u00a0co w praktyce oznacza mo\u017cliwo\u015b\u0107 dom\u00f3wienia pojedynczych sztuk<br \/>&#8211; Dowolny rebus \u015blubny lub wierszyk<\/p>\n<p><strong>Jak Zam\u00f3wi\u0107?<\/strong><br \/>To proste! Wystarczy wykona\u0107 kilka krok\u00f3w:<br \/>\u2013\u00a0<strong>Dokonaj P\u0142atno\u015bci:<\/strong>\u00a0Wybierz ilo\u015b\u0107 zaprosze\u0144 i dokonaj p\u0142atno\u015bci.<br \/>\u2013\u00a0<strong>Prze\u015blij Dane:<\/strong>\u00a0Prze\u015blij wszystkie niezb\u0119dne dane na adres e-mail pracownia@pannaanna.pl. Wymagane informacje to: imiona i nazwiska pary m\u0142odej, lokalizacja ko\u015bcio\u0142a i sali, data i godzina ceremonii, numery telefon\u00f3w, termin potwierdzenia obecno\u015bci go\u015bci na weselu, ewentualna lista go\u015bci w formacie Worda lub Excela <strong>oraz zdj\u0119cie ko\u015bcio\u0142a.<\/strong><br \/>\u2013\u00a0<strong>Projekt Zaproszenia:<\/strong>\u00a0Na podstawie przes\u0142anych danych wykonamy projekt zaproszenia i prze\u015blemy go do Pa\u0144stwa w ci\u0105gu 24 godzin do potwierdzenia lub zg\u0142oszenia ewentualnych poprawek.<br \/>\u2013\u00a0<strong>Ostateczna Akceptacja:<\/strong>\u00a0Po otrzymaniu projektu prosimy o ostateczne potwierdzenie lub ewentualne poprawki.<br \/>Prosimy pami\u0119ta\u0107, \u017ce zar\u00f3wno wst\u0119pny projekt, jak i ewentualne poprawki wymagaj\u0105 Pa\u0144stwa akceptacji. Bez tego nie mo\u017cemy kontynuowa\u0107 produkcji zam\u00f3wienia.<\/p>\n","protected":false},"excerpt":{"rendered":"<p>To wyj\u0105tkowe zaproszenie \u015blubne w klasycznym, minimalistycznych stylu ze szkicem Waszego Ko\u015bcio\u0142a.<\/p>\n","protected":false},"featured_media":2897,"template":"","meta":[],"product_brand":[],"product_cat":[18],"product_tag":[49,45,50,51,66,65],"class_list":{"0":"post-2887","1":"product","2":"type-product","3":"status-publish","4":"has-post-thumbnail","6":"product_cat-zaproszenia-slubne","7":"product_tag-delikatne-zaproszenie-slubne","8":"product_tag-eleganckie-zaproszenia-slubne","9":"product_tag-hit-2023-zaproszenie-slubne","10":"product_tag-hit-2024-zaproszenie-slubne","11":"product_tag-minimalistyczne-zaproszenie","12":"product_tag-zaproszenie-ze-szkicem-kosciola","14":"first","15":"instock","16":"shipping-taxable","17":"purchasable","18":"product-type-simple"},"_links":{"self":[{"href":"https:\/\/www.pannaanna.com.pl\/index.php\/wp-json\/wp\/v2\/product\/2887","targetHints":{"allow":["GET"]}}],"collection":[{"href":"https:\/\/www.pannaanna.com.pl\/index.php\/wp-json\/wp\/v2\/product"}],"about":[{"href":"https:\/\/www.pannaanna.com.pl\/index.php\/wp-json\/wp\/v2\/types\/product"}],"wp:featuredmedia":[{"embeddable":true,"href":"https:\/\/www.pannaanna.com.pl\/index.php\/wp-json\/wp\/v2\/media\/2897"}],"wp:attachment":[{"href":"https:\/\/www.pannaanna.com.pl\/index.php\/wp-json\/wp\/v2\/media?parent=2887"}],"wp:term":[{"taxonomy":"product_brand","embeddable":true,"href":"https:\/\/www.pannaanna.com.pl\/index.php\/wp-json\/wp\/v2\/product_brand?post=2887"},{"taxonomy":"product_cat","embeddable":true,"href":"https:\/\/www.pannaanna.com.pl\/index.php\/wp-json\/wp\/v2\/product_cat?post=2887"},{"taxonomy":"product_tag","embeddable":true,"href":"https:\/\/www.pannaanna.com.pl\/index.php\/wp-json\/wp\/v2\/product_tag?post=2887"}],"curies":[{"name":"wp","href":"https:\/\/api.w.org\/{rel}","templated":true}]}}