{"id":2898,"date":"2024-06-17T10:45:39","date_gmt":"2024-06-17T10:45:39","guid":{"rendered":"https:\/\/www.pannaanna.com.pl\/?post_type=product&#038;p=2898"},"modified":"2025-03-10T11:34:47","modified_gmt":"2025-03-10T11:34:47","slug":"zlote-jednokartkowe-zaproszenie-slubne-z-koperta-hit","status":"publish","type":"product","link":"https:\/\/www.pannaanna.com.pl\/index.php\/produkt\/zlote-jednokartkowe-zaproszenie-slubne-z-koperta-hit\/","title":{"rendered":"Z\u0142ote jednokartkowe zaproszenie \u015blubne z kopert\u0105 HIT"},"content":{"rendered":"<p>Przedstawiamy wz\u00f3r zaproszenia \u015blubnego, kt\u00f3ry cieszy si\u0119 szczeg\u00f3ln\u0105 popularno\u015bci\u0105 w\u015br\u00f3d Par M\u0142odych.\u00a0<br \/><strong>Jednokartkowe, z\u0142ote zaproszenie \u015blubne<\/strong>\u00a0na eleganckim papierze z t\u0142oczeniami w pr\u0105\u017cki. Delikatne, proste, minimalistyczne, a mimo to \u2013 szczeg\u00f3lne i wyr\u00f3\u017cniaj\u0105ce si\u0119. To zaproszenie powsta\u0142o jako pierwsze zaproszenie w naszej pracowni, ponad 5 lat temu. I z ka\u017cdym rokiem zaskakuje nas ilo\u015b\u0107 zam\u00f3wie\u0144 tego modelu.<\/p>\n<p><strong>Zam\u00f3wienie obejmuje:<\/strong><br \/>&#8211; <strong>Druk Cyfrowy Zaproszenia:<\/strong> Zaproszenia w formacie 10,5 cm x 15,5 cm na ekskluzywnym papierze o charakterystycznej t\u0142oczonej powierzchni o gramaturze 250 g.<br \/>&#8211; <strong>Koperta w Rozmiarze C6:<\/strong> Do\u0142\u0105czona do zaproszenia, wykonana z papieru o grubo\u015bci 110 g, w kolorze jasnego pudrowego r\u00f3\u017cu.<br \/>&#8211; Wydruk na\u00a0<strong>ekskluzywnym papierze o charakterystycznej t\u0142oczonej powierzchni 250 g<\/strong><br \/>&#8211; <strong>Personalizacja:<\/strong> Mo\u017cliwo\u015b\u0107 personalizacji listy go\u015bci lub wykropkowanej linii. Po dokonaniu zam\u00f3wienia, prosimy o przes\u0142anie niezb\u0119dnych danych na adres e-mail: <a>pracownia@pannaanna.com.pl<\/a>.<br \/>&#8211; <strong>Projekt Graficzny:<\/strong> Otrzymasz projekt zaproszenia do zatwierdzenia lub wprowadzenia ewentualnych poprawek w terminie 24 godzin od przes\u0142ania wszystkich niezb\u0119dnych danych.<br \/>&#8211; <strong>Dodatkowe Opcje:<\/strong> Mo\u017cliwo\u015b\u0107 dodania dowolnego rebusu \u015blubnego lub wierszyka na zaproszeniu.<br \/>&#8211; <strong>Archiwizacja Zam\u00f3wienia:<\/strong> Zam\u00f3wienie b\u0119dzie archiwizowane przez p\u00f3\u0142 roku, umo\u017cliwiaj\u0105c dom\u00f3wienie pojedynczych sztuk w razie potrzeby.<\/p>\n<p>Procedura Zam\u00f3wienia:<br \/>&#8211; <strong>Dokonaj P\u0142atno\u015bci:<\/strong> Wybierz odpowiedni\u0105 ilo\u015b\u0107 zaprosze\u0144 i dokonaj p\u0142atno\u015bci.<br \/>&#8211; <strong>Prze\u015blij Dane:<\/strong> Na adres e-mail: <a>pracownia@pannaanna.com.pl<\/a> prze\u015blij wszystkie niezb\u0119dne dane\u00a0<br \/><em>(imiona i nazwiska pary m\u0142odej, ko\u015bci\u00f3\u0142, sal\u0119, dat\u0119, godzin\u0119, numery telefon\u00f3w, dat\u0119 do kiedy maj\u0105 potwierdzi\u0107 go\u015bcie swoj\u0105 obecno\u015b\u0107 na weselu, oraz ewentualnie list\u0119 go\u015bci w Wordzie lub Excelu).<\/em><br \/>&#8211; <strong>Projekt Zaproszenia:<\/strong> Otrzymasz projekt zaproszenia do zatwierdzenia lub wprowadzenia ewentualnych poprawek.<br \/>&#8211; <strong>Produkcja:<\/strong> Po ostatecznej akceptacji projektu przyst\u0105pimy do produkcji zaprosze\u0144.<\/p>\n<p>Zapewniamy, \u017ce ka\u017cde zaproszenie b\u0119dzie starannie wykonane, spe\u0142niaj\u0105c wszystkie Pa\u0144stwa oczekiwania i dodaj\u0105c wyj\u0105tkowego uroku Waszemu wielkiemu dniu.<\/p>\n","protected":false},"excerpt":{"rendered":"<p>Zaproszenie \u015blubne ze z\u0142otymi elementami oraz aksamitn\u0105 wst\u0105\u017ck\u0105. Wykonane specjalnie na \u017cyczenie ka\u017cdej pary, niepowtarzalne i wyj\u0105tkowe.<\/p>\n","protected":false},"featured_media":2903,"template":"","meta":[],"product_brand":[],"product_cat":[18],"product_tag":[49,45,51,66,41,43,44,42],"class_list":{"0":"post-2898","1":"product","2":"type-product","3":"status-publish","4":"has-post-thumbnail","6":"product_cat-zaproszenia-slubne","7":"product_tag-delikatne-zaproszenie-slubne","8":"product_tag-eleganckie-zaproszenia-slubne","9":"product_tag-hit-2024-zaproszenie-slubne","10":"product_tag-minimalistyczne-zaproszenie","11":"product_tag-zaproszenia-slubne","12":"product_tag-zaproszenia-slubne-hit-2023","13":"product_tag-zaproszenia-slubne-w-pudrowym-rozu","14":"product_tag-zlocone-zaproszenia-slubne","16":"first","17":"instock","18":"shipping-taxable","19":"purchasable","20":"product-type-simple"},"_links":{"self":[{"href":"https:\/\/www.pannaanna.com.pl\/index.php\/wp-json\/wp\/v2\/product\/2898","targetHints":{"allow":["GET"]}}],"collection":[{"href":"https:\/\/www.pannaanna.com.pl\/index.php\/wp-json\/wp\/v2\/product"}],"about":[{"href":"https:\/\/www.pannaanna.com.pl\/index.php\/wp-json\/wp\/v2\/types\/product"}],"wp:featuredmedia":[{"embeddable":true,"href":"https:\/\/www.pannaanna.com.pl\/index.php\/wp-json\/wp\/v2\/media\/2903"}],"wp:attachment":[{"href":"https:\/\/www.pannaanna.com.pl\/index.php\/wp-json\/wp\/v2\/media?parent=2898"}],"wp:term":[{"taxonomy":"product_brand","embeddable":true,"href":"https:\/\/www.pannaanna.com.pl\/index.php\/wp-json\/wp\/v2\/product_brand?post=2898"},{"taxonomy":"product_cat","embeddable":true,"href":"https:\/\/www.pannaanna.com.pl\/index.php\/wp-json\/wp\/v2\/product_cat?post=2898"},{"taxonomy":"product_tag","embeddable":true,"href":"https:\/\/www.pannaanna.com.pl\/index.php\/wp-json\/wp\/v2\/product_tag?post=2898"}],"curies":[{"name":"wp","href":"https:\/\/api.w.org\/{rel}","templated":true}]}}