{"id":2904,"date":"2024-06-17T10:50:50","date_gmt":"2024-06-17T10:50:50","guid":{"rendered":"https:\/\/www.pannaanna.com.pl\/?post_type=product&#038;p=2904"},"modified":"2024-06-17T10:56:50","modified_gmt":"2024-06-17T10:56:50","slug":"zawieszka-na-alkohol-w-stylu-boho","status":"publish","type":"product","link":"https:\/\/www.pannaanna.com.pl\/index.php\/produkt\/zawieszka-na-alkohol-w-stylu-boho\/","title":{"rendered":"Zawieszka na alkohol w stylu BOHO"},"content":{"rendered":"<p>Planujesz \u015blub w stylu boho? Nasza wyj\u0105tkowa zawieszka \u015blubna to idealny dodatek, kt\u00f3ry podkre\u015bli romantyczny i swobodny charakter Twojej uroczysto\u015bci. Wykonana z pi\u0119knego papieru faktorowanego \u0142\u0105czy w sobie delikatno\u015b\u0107 i naturalne pi\u0119kno.<\/p>\n<p>Jak Zam\u00f3wi\u0107?<br \/>&#8211; <strong>Dodaj do Koszyka:<\/strong> Wybierz potrzebn\u0105 ilo\u015b\u0107 zawieszek na alkohol i dodaj je do koszyka.<br \/> &#8211; <strong>Uwagi do Zam\u00f3wienia:<\/strong> W okienku &#8222;UWAGI DO ZAM\u00d3WIENIA&#8221; podczas sk\u0142adania zam\u00f3wienia, podaj nam szczeg\u00f3\u0142y dotycz\u0105ce personalizacji, takie jak imiona pary m\u0142odej oraz data \u015blubu.<br \/>&#8211; <strong>Dokonaj P\u0142atno\u015bci:<\/strong> Po dodaniu zawieszek do koszyka, dokonaj p\u0142atno\u015bci za wybran\u0105 ilo\u015b\u0107.<br \/>&#8211; <strong>Projekt Zawieszki:<\/strong> Po zaksi\u0119gowaniu si\u0119 p\u0142atno\u015bci, prze\u015blemy do Ciebie projekt zawieszki do potwierdzenia lub wprowadzenia ewentualnych poprawek.<br \/>&#8211; <strong>Produkcja:<\/strong> Po ostatecznej akceptacji projektu przyst\u0105pimy do produkcji. Ka\u017cda zawieszka jest starannie wykonana z dba\u0142o\u015bci\u0105 o ka\u017cdy detal.<\/p>\n<p>OTRZYMUJ\u0104 PA\u0143STWO GOTOWY PRODUKT DO ZAWIESZENIA.<\/p>\n","protected":false},"excerpt":{"rendered":"<p>Odkryj nasz\u0105 pi\u0119kn\u0105 zawieszk\u0119 \u015blubn\u0105 w stylu boho, kt\u00f3ra doda Twojej ceremonii niepowtarzalnego uroku. Delikatne wz\u00f3r i fakturowany papier sprawi\u0105, \u017ce Tw\u00f3j wielki dzie\u0144 b\u0119dzie jeszcze bardziej wyj\u0105tkowy.<\/p>\n","protected":false},"featured_media":2909,"template":"","meta":[],"product_brand":[],"product_cat":[20],"product_tag":[67,46,48,47],"class_list":{"0":"post-2904","1":"product","2":"type-product","3":"status-publish","4":"has-post-thumbnail","6":"product_cat-zawieszki-na-alkohol","7":"product_tag-zawieszka-na-alkohol-w-stylu-boho","8":"product_tag-zawieszki-na-alkohol","9":"product_tag-zawieszki-na-butelke-ze-smiesznymi-tekstami","10":"product_tag-zlocone-zawieszki-na-butelke","12":"first","13":"instock","14":"shipping-taxable","15":"purchasable","16":"product-type-simple"},"_links":{"self":[{"href":"https:\/\/www.pannaanna.com.pl\/index.php\/wp-json\/wp\/v2\/product\/2904","targetHints":{"allow":["GET"]}}],"collection":[{"href":"https:\/\/www.pannaanna.com.pl\/index.php\/wp-json\/wp\/v2\/product"}],"about":[{"href":"https:\/\/www.pannaanna.com.pl\/index.php\/wp-json\/wp\/v2\/types\/product"}],"wp:featuredmedia":[{"embeddable":true,"href":"https:\/\/www.pannaanna.com.pl\/index.php\/wp-json\/wp\/v2\/media\/2909"}],"wp:attachment":[{"href":"https:\/\/www.pannaanna.com.pl\/index.php\/wp-json\/wp\/v2\/media?parent=2904"}],"wp:term":[{"taxonomy":"product_brand","embeddable":true,"href":"https:\/\/www.pannaanna.com.pl\/index.php\/wp-json\/wp\/v2\/product_brand?post=2904"},{"taxonomy":"product_cat","embeddable":true,"href":"https:\/\/www.pannaanna.com.pl\/index.php\/wp-json\/wp\/v2\/product_cat?post=2904"},{"taxonomy":"product_tag","embeddable":true,"href":"https:\/\/www.pannaanna.com.pl\/index.php\/wp-json\/wp\/v2\/product_tag?post=2904"}],"curies":[{"name":"wp","href":"https:\/\/api.w.org\/{rel}","templated":true}]}}