{"id":2911,"date":"2024-06-17T10:59:24","date_gmt":"2024-06-17T10:59:24","guid":{"rendered":"https:\/\/www.pannaanna.com.pl\/?post_type=product&#038;p=2911"},"modified":"2024-06-17T11:02:22","modified_gmt":"2024-06-17T11:02:22","slug":"zlocona-zawieszka-na-alkohol-wraz-z-bawelnianym-sznureczkiem-i-rwanym-brzegiem","status":"publish","type":"product","link":"https:\/\/www.pannaanna.com.pl\/index.php\/produkt\/zlocona-zawieszka-na-alkohol-wraz-z-bawelnianym-sznureczkiem-i-rwanym-brzegiem\/","title":{"rendered":"Z\u0142ocona zawieszka na alkohol wraz z bawe\u0142nianym sznureczkiem i rwanym brzegiem"},"content":{"rendered":"<p><strong>Specyfikacja zawieszek<\/strong><br \/>&#8211; nadruk:\u00a0<strong>pe\u0142na personalizacja<\/strong><br \/>&#8211; wydruk:\u00a0<strong>wysokiej jako\u015bci wydruk cyfrowy<\/strong><br \/>&#8211; gramatura:\u00a0<strong>ok 250g (sztywny kartoniki wizyt\u00f3wkowy)<\/strong><br \/>&#8211; <strong>r\u0119cznie z\u0142ocony brzeg zawieszki<\/strong><br \/>&#8211; <strong>r\u0119cznie rwany brzeg<\/strong><br \/>&#8211; mo\u017cliwa personalizacja zawieszki (imiona pary m\u0142odej + data \u015blubu)<br \/>&#8211; mo\u017cliwy dowolny tekst (wierszyk, \u015bmieszny wierszyk)<br \/>&#8211; <strong>bawe\u0142niany sznureczek<\/strong><\/p>\n<p><strong>PRODUKT GOTOWY DO ZAWIESZENIA NA BUTELK\u0118<\/strong><\/p>\n<p><strong>OTRZYMUJ\u0104 PA\u0143STWO GOTOWY PRODUKT DO ZAWIESZENIA.<\/strong><\/p>\n<p>Jak Zam\u00f3wi\u0107?<br \/>&#8211; <strong>Dodaj do Koszyka:<\/strong> Wybierz potrzebn\u0105 ilo\u015b\u0107 zawieszek i dodaj je do koszyka.<br \/> &#8211; <strong>Uwagi do Zam\u00f3wienia:<\/strong> W okienku &#8222;UWAGI DO ZAM\u00d3WIENIA&#8221; podczas sk\u0142adania zam\u00f3wienia, podaj nam szczeg\u00f3\u0142y dotycz\u0105ce personalizacji, takie jak imiona pary m\u0142odej oraz data \u015blubu.<br \/>&#8211; <strong>Dokonaj P\u0142atno\u015bci:<\/strong> Po dodaniu zawieszek do koszyka, dokonaj p\u0142atno\u015bci za wybran\u0105 ilo\u015b\u0107.<br \/>&#8211; <strong>Projekt Zawieszki:<\/strong> Po zaksi\u0119gowaniu si\u0119 p\u0142atno\u015bci, prze\u015blemy do Ciebie projekt zawieszki do potwierdzenia lub wprowadzenia ewentualnych poprawek.<br \/>&#8211; <strong>Produkcja:<\/strong> Po ostatecznej akceptacji projektu przyst\u0105pimy do produkcji. Ka\u017cda zawieszka jest starannie wykonana z dba\u0142o\u015bci\u0105 o ka\u017cdy detal.<\/p>\n","protected":false},"excerpt":{"rendered":"<p>Nadaj ka\u017cdej butelce alkoholu odpowiedniego charakteru, dzi\u0119ki naszym zawieszkom!<\/p>\n","protected":false},"featured_media":2916,"template":"","meta":[],"product_brand":[],"product_cat":[20],"product_tag":[46,68,48,47],"class_list":{"0":"post-2911","1":"product","2":"type-product","3":"status-publish","4":"has-post-thumbnail","6":"product_cat-zawieszki-na-alkohol","7":"product_tag-zawieszki-na-alkohol","8":"product_tag-zawieszki-na-alkohol-z-rwanym-brzegiem","9":"product_tag-zawieszki-na-butelke-ze-smiesznymi-tekstami","10":"product_tag-zlocone-zawieszki-na-butelke","12":"first","13":"instock","14":"shipping-taxable","15":"purchasable","16":"product-type-simple"},"_links":{"self":[{"href":"https:\/\/www.pannaanna.com.pl\/index.php\/wp-json\/wp\/v2\/product\/2911","targetHints":{"allow":["GET"]}}],"collection":[{"href":"https:\/\/www.pannaanna.com.pl\/index.php\/wp-json\/wp\/v2\/product"}],"about":[{"href":"https:\/\/www.pannaanna.com.pl\/index.php\/wp-json\/wp\/v2\/types\/product"}],"wp:featuredmedia":[{"embeddable":true,"href":"https:\/\/www.pannaanna.com.pl\/index.php\/wp-json\/wp\/v2\/media\/2916"}],"wp:attachment":[{"href":"https:\/\/www.pannaanna.com.pl\/index.php\/wp-json\/wp\/v2\/media?parent=2911"}],"wp:term":[{"taxonomy":"product_brand","embeddable":true,"href":"https:\/\/www.pannaanna.com.pl\/index.php\/wp-json\/wp\/v2\/product_brand?post=2911"},{"taxonomy":"product_cat","embeddable":true,"href":"https:\/\/www.pannaanna.com.pl\/index.php\/wp-json\/wp\/v2\/product_cat?post=2911"},{"taxonomy":"product_tag","embeddable":true,"href":"https:\/\/www.pannaanna.com.pl\/index.php\/wp-json\/wp\/v2\/product_tag?post=2911"}],"curies":[{"name":"wp","href":"https:\/\/api.w.org\/{rel}","templated":true}]}}