{"id":2920,"date":"2024-06-17T11:03:23","date_gmt":"2024-06-17T11:03:23","guid":{"rendered":"https:\/\/www.pannaanna.com.pl\/?post_type=product&#038;p=2920"},"modified":"2024-06-17T11:11:17","modified_gmt":"2024-06-17T11:11:17","slug":"zawieszka-z-grafika-kwiatow-na-alkohol-wodke-slub-wesele-18stka-urodziny","status":"publish","type":"product","link":"https:\/\/www.pannaanna.com.pl\/index.php\/produkt\/zawieszka-z-grafika-kwiatow-na-alkohol-wodke-slub-wesele-18stka-urodziny\/","title":{"rendered":"Zawieszka z grafik\u0105 kwiat\u00f3w na alkohol, w\u00f3dk\u0119 \u2013 \u015blub, wesele, 18stka, urodziny"},"content":{"rendered":"<p>Nasze zawieszki s\u0105 starannie wykonane z dba\u0142o\u015bci\u0105 o ka\u017cdy detal, co sprawia, \u017ce ka\u017cda butelka wygl\u0105da wyj\u0105tkowo i stylowo. Grafika kwiat\u00f3w w po\u0142\u0105czeniu z eleganck\u0105 wst\u0105\u017ck\u0105 tworzy harmonijny i estetyczny wygl\u0105d, kt\u00f3ry zachwyci Twoich go\u015bci.<\/p>\n<p>Wybierz kolor wst\u0105\u017cki, kt\u00f3ry najlepiej pasuje do motywu Twojej imprezy, i spraw, aby ka\u017cdy detal by\u0142 perfekcyjny. <\/p>\n<p>Jak Zam\u00f3wi\u0107?<br \/>&#8211; <strong>Dodaj do Koszyka:<\/strong> Wybierz potrzebn\u0105 ilo\u015b\u0107 zawieszek na alkohol i dodaj je do koszyka.<br \/> &#8211; <strong>Uwagi do Zam\u00f3wienia:<\/strong> W okienku &#8222;UWAGI DO ZAM\u00d3WIENIA&#8221; podczas sk\u0142adania zam\u00f3wienia, podaj nam szczeg\u00f3\u0142y dotycz\u0105ce personalizacji, takie jak imiona pary m\u0142odej, dat\u0119 \u015blubu oraz kolor wst\u0105\u017cki.<br \/>&#8211; <strong>Dokonaj P\u0142atno\u015bci:<\/strong> Po dodaniu zawieszek do koszyka, dokonaj p\u0142atno\u015bci za wybran\u0105 ilo\u015b\u0107.<br \/>&#8211; <strong>Projekt Zawieszki:<\/strong> Po zaksi\u0119gowaniu si\u0119 p\u0142atno\u015bci, prze\u015blemy do Ciebie projekt zawieszki do potwierdzenia lub wprowadzenia ewentualnych poprawek.<br \/>&#8211; <strong>Produkcja:<\/strong> Po ostatecznej akceptacji projektu przyst\u0105pimy do produkcji. Ka\u017cda zawieszka jest starannie wykonana z dba\u0142o\u015bci\u0105 o ka\u017cdy detal.<\/p>\n<p>OTRZYMUJ\u0104 PA\u0143STWO GOTOWY PRODUKT DO ZAWIESZENIA.<\/p>\n","protected":false},"excerpt":{"rendered":"<p>Elegancka zawieszka na alkohol z motywem kwiat\u00f3w i wst\u0105\u017ck\u0105 w wybranym kolorze. Idealna na \u015blub, wesele, 18-stk\u0119 lub urodziny, doda stylu ka\u017cdej butelce i urozmaici Twoj\u0105 uroczysto\u015b\u0107.<\/p>\n","protected":false},"featured_media":2922,"template":"","meta":[],"product_brand":[],"product_cat":[20],"product_tag":[67,46,48,47],"class_list":{"0":"post-2920","1":"product","2":"type-product","3":"status-publish","4":"has-post-thumbnail","6":"product_cat-zawieszki-na-alkohol","7":"product_tag-zawieszka-na-alkohol-w-stylu-boho","8":"product_tag-zawieszki-na-alkohol","9":"product_tag-zawieszki-na-butelke-ze-smiesznymi-tekstami","10":"product_tag-zlocone-zawieszki-na-butelke","12":"first","13":"instock","14":"shipping-taxable","15":"purchasable","16":"product-type-simple"},"_links":{"self":[{"href":"https:\/\/www.pannaanna.com.pl\/index.php\/wp-json\/wp\/v2\/product\/2920","targetHints":{"allow":["GET"]}}],"collection":[{"href":"https:\/\/www.pannaanna.com.pl\/index.php\/wp-json\/wp\/v2\/product"}],"about":[{"href":"https:\/\/www.pannaanna.com.pl\/index.php\/wp-json\/wp\/v2\/types\/product"}],"wp:featuredmedia":[{"embeddable":true,"href":"https:\/\/www.pannaanna.com.pl\/index.php\/wp-json\/wp\/v2\/media\/2922"}],"wp:attachment":[{"href":"https:\/\/www.pannaanna.com.pl\/index.php\/wp-json\/wp\/v2\/media?parent=2920"}],"wp:term":[{"taxonomy":"product_brand","embeddable":true,"href":"https:\/\/www.pannaanna.com.pl\/index.php\/wp-json\/wp\/v2\/product_brand?post=2920"},{"taxonomy":"product_cat","embeddable":true,"href":"https:\/\/www.pannaanna.com.pl\/index.php\/wp-json\/wp\/v2\/product_cat?post=2920"},{"taxonomy":"product_tag","embeddable":true,"href":"https:\/\/www.pannaanna.com.pl\/index.php\/wp-json\/wp\/v2\/product_tag?post=2920"}],"curies":[{"name":"wp","href":"https:\/\/api.w.org\/{rel}","templated":true}]}}