{"id":2931,"date":"2024-06-17T11:14:30","date_gmt":"2024-06-17T11:14:30","guid":{"rendered":"https:\/\/www.pannaanna.com.pl\/?post_type=product&#038;p=2931"},"modified":"2024-06-17T12:53:40","modified_gmt":"2024-06-17T12:53:40","slug":"zlocone-klasyczne-menu-weselne","status":"publish","type":"product","link":"https:\/\/www.pannaanna.com.pl\/index.php\/produkt\/zlocone-klasyczne-menu-weselne\/","title":{"rendered":"Z\u0142ocone klasyczne menu weselne"},"content":{"rendered":"<p>Idealne na ka\u017cde wesele, nasze menu \u0142\u0105czy w sobie klasyczny design z luksusowym wyko\u0144czeniem, co sprawia, \u017ce stanowi\u0105 one nie tylko praktyczny element uroczysto\u015bci, ale tak\u017ce pi\u0119kn\u0105 dekoracj\u0119 sto\u0142u. Z\u0142ocone detale podkre\u015blaj\u0105 wyj\u0105tkowy charakter wydarzenia, wprowadzaj\u0105c odrobin\u0119 luksusu i wyrafinowania.<\/p>\n<p>Menu weselne mo\u017cna personalizowa\u0107, dodaj\u0105c imiona nowo\u017ce\u0144c\u00f3w, dat\u0119 \u015blubu oraz list\u0119 da\u0144 i napoj\u00f3w serwowanych na przyj\u0119ciu. Dzi\u0119ki temu ka\u017cde menu staje si\u0119 unikalne i dopasowane do Twojej wizji wesela.<\/p>\n<p><strong>Specyfikacja:<\/strong><br \/>-szeroko\u015b\u0107: 20 cm, wysoko\u015b\u0107: 21 cm,<br \/>-gramatura papieru: 250 g\/m2<br \/>-papier wysokiej jako\u015bci, fakturowany<br \/>-przygotowanie projektu menu wg wytycznych Klienta<br \/>-r\u0119cznie z\u0142ocenie do\u0142u menu<br \/><strong><br \/>Przebieg zam\u00f3wienia:<\/strong><br \/>&#8211; Zakup wybran\u0105 ilo\u015b\u0107 menu<br \/>&#8211; Na adres e-mail pracownia@pannaanna.com.pl prze\u015blij wszystkie niezb\u0119dne dane kt\u00f3re mamy umie\u015bci\u0107 w menu (posi\u0142ki, godziny).<br \/>&#8211; Na ich podstawie wykonamy dla Pa\u0144stwa projekt menu i wy\u015blemy go do potwierdzenia lub okre\u015blenia poprawek.<br \/>&#8211; Po ostatecznej akceptacji przyst\u0119pujemy do produkcji.<\/p>\n","protected":false},"excerpt":{"rendered":"<p>Eleganckie z\u0142ocone klasyczne menu weselne, kt\u00f3re doda Twojej uroczysto\u015bci wyj\u0105tkowego blasku. Wykonane z najwy\u017cszej jako\u015bci materia\u0142\u00f3w, podkre\u015bli luksusowy charakter wesela i zachwyci Twoich go\u015bci.<\/p>\n","protected":false},"featured_media":2934,"template":"","meta":[],"product_brand":[],"product_cat":[23],"product_tag":[69,72,71],"class_list":{"0":"post-2931","1":"product","2":"type-product","3":"status-publish","4":"has-post-thumbnail","6":"product_cat-menu-weselne","7":"product_tag-menu-weselne","8":"product_tag-menu-z-agenda","9":"product_tag-menu-z-drinkami","11":"first","12":"instock","13":"shipping-taxable","14":"purchasable","15":"product-type-simple"},"_links":{"self":[{"href":"https:\/\/www.pannaanna.com.pl\/index.php\/wp-json\/wp\/v2\/product\/2931","targetHints":{"allow":["GET"]}}],"collection":[{"href":"https:\/\/www.pannaanna.com.pl\/index.php\/wp-json\/wp\/v2\/product"}],"about":[{"href":"https:\/\/www.pannaanna.com.pl\/index.php\/wp-json\/wp\/v2\/types\/product"}],"wp:featuredmedia":[{"embeddable":true,"href":"https:\/\/www.pannaanna.com.pl\/index.php\/wp-json\/wp\/v2\/media\/2934"}],"wp:attachment":[{"href":"https:\/\/www.pannaanna.com.pl\/index.php\/wp-json\/wp\/v2\/media?parent=2931"}],"wp:term":[{"taxonomy":"product_brand","embeddable":true,"href":"https:\/\/www.pannaanna.com.pl\/index.php\/wp-json\/wp\/v2\/product_brand?post=2931"},{"taxonomy":"product_cat","embeddable":true,"href":"https:\/\/www.pannaanna.com.pl\/index.php\/wp-json\/wp\/v2\/product_cat?post=2931"},{"taxonomy":"product_tag","embeddable":true,"href":"https:\/\/www.pannaanna.com.pl\/index.php\/wp-json\/wp\/v2\/product_tag?post=2931"}],"curies":[{"name":"wp","href":"https:\/\/api.w.org\/{rel}","templated":true}]}}