{"id":2935,"date":"2024-06-17T12:48:04","date_gmt":"2024-06-17T12:48:04","guid":{"rendered":"https:\/\/www.pannaanna.com.pl\/?post_type=product&#038;p=2935"},"modified":"2024-07-19T14:46:18","modified_gmt":"2024-07-19T14:46:18","slug":"jednokartkowe-dwustronne-menu-gold","status":"publish","type":"product","link":"https:\/\/www.pannaanna.com.pl\/index.php\/produkt\/jednokartkowe-dwustronne-menu-gold\/","title":{"rendered":"Jednokartkowe dwustronne menu gold"},"content":{"rendered":"<p>Idealne na \u015bluby, wesela, jubileusze i inne specjalne okazje, nasze menu jest praktyczne i stylowe. <\/p>\n<p>Jednokartkowa forma sprawia, \u017ce jest wygodne i przejrzyste, a dwustronny uk\u0142ad pozwala na umieszczenie wszystkich niezb\u0119dnych informacji bez zb\u0119dnego t\u0142oku. Z jednej strony mo\u017cesz umie\u015bci\u0107 przystawki, dania g\u0142\u00f3wne i desery, a z drugiej strony napoje i specjalne uwagi dla go\u015bci lub agend\u0119 uroczysto\u015bci.<\/p>\n<p> Mo\u017cliwo\u015b\u0107 personalizacji pozwala na dopasowanie menu do motywu przewodniego uroczysto\u015bci, dodaj\u0105c imiona nowo\u017ce\u0144c\u00f3w, dat\u0119 \u015blubu czy specjalne podzi\u0119kowania dla go\u015bci.<br \/><strong><br \/>Przebieg zam\u00f3wienia:<\/strong><br \/>&#8211; Zakup wybran\u0105 ilo\u015b\u0107 menu<br \/>&#8211; Na adres e-mail pracownia@pannaanna.com.pl prze\u015blij wszystkie niezb\u0119dne dane kt\u00f3re mamy umie\u015bci\u0107 w menu (posi\u0142ki, godziny, agend\u0119).<br \/>&#8211; Na ich podstawie wykonamy dla Pa\u0144stwa projekt menu i wy\u015blemy go do potwierdzenia lub okre\u015blenia poprawek.<br \/>&#8211; Po ostatecznej akceptacji przyst\u0119pujemy do produkcji.<\/p>\n","protected":false},"excerpt":{"rendered":"<p><span style=\"font-family: var(--wp--preset--font-family--system-font)\">Delikatne jednokartkowe, dwustronne menu gold, kt\u00f3re wprowadzi subtelny blask do Twojej uroczysto\u015bci.<\/span><\/p>\n","protected":false},"featured_media":2939,"template":"","meta":[],"product_brand":[],"product_cat":[23],"product_tag":[70,69,72,71],"class_list":{"0":"post-2935","1":"product","2":"type-product","3":"status-publish","4":"has-post-thumbnail","6":"product_cat-menu-weselne","7":"product_tag-jednokartkowe-menu","8":"product_tag-menu-weselne","9":"product_tag-menu-z-agenda","10":"product_tag-menu-z-drinkami","12":"first","13":"instock","14":"shipping-taxable","15":"purchasable","16":"product-type-simple"},"_links":{"self":[{"href":"https:\/\/www.pannaanna.com.pl\/index.php\/wp-json\/wp\/v2\/product\/2935","targetHints":{"allow":["GET"]}}],"collection":[{"href":"https:\/\/www.pannaanna.com.pl\/index.php\/wp-json\/wp\/v2\/product"}],"about":[{"href":"https:\/\/www.pannaanna.com.pl\/index.php\/wp-json\/wp\/v2\/types\/product"}],"wp:featuredmedia":[{"embeddable":true,"href":"https:\/\/www.pannaanna.com.pl\/index.php\/wp-json\/wp\/v2\/media\/2939"}],"wp:attachment":[{"href":"https:\/\/www.pannaanna.com.pl\/index.php\/wp-json\/wp\/v2\/media?parent=2935"}],"wp:term":[{"taxonomy":"product_brand","embeddable":true,"href":"https:\/\/www.pannaanna.com.pl\/index.php\/wp-json\/wp\/v2\/product_brand?post=2935"},{"taxonomy":"product_cat","embeddable":true,"href":"https:\/\/www.pannaanna.com.pl\/index.php\/wp-json\/wp\/v2\/product_cat?post=2935"},{"taxonomy":"product_tag","embeddable":true,"href":"https:\/\/www.pannaanna.com.pl\/index.php\/wp-json\/wp\/v2\/product_tag?post=2935"}],"curies":[{"name":"wp","href":"https:\/\/api.w.org\/{rel}","templated":true}]}}