{"id":2983,"date":"2024-07-19T13:55:23","date_gmt":"2024-07-19T13:55:23","guid":{"rendered":"https:\/\/www.pannaanna.com.pl\/?post_type=product&#038;p=2983"},"modified":"2024-07-19T14:02:54","modified_gmt":"2024-07-19T14:02:54","slug":"winietka-slubna-ze-wstazka-chabrowa","status":"publish","type":"product","link":"https:\/\/www.pannaanna.com.pl\/index.php\/produkt\/winietka-slubna-ze-wstazka-chabrowa\/","title":{"rendered":"Winietka \u015blubna ze wst\u0105\u017ck\u0105 chabrow\u0105"},"content":{"rendered":"<p>Wst\u0105\u017cka, kt\u00f3ra ozdabia winietk\u0119, nadaje jej wyj\u0105tkowego uroku i elegancji, tworz\u0105c harmonijny wygl\u0105d sto\u0142u. Delikatno\u015b\u0107 wst\u0105\u017cki sprawia, \u017ce winietka ta doskonale komponuje si\u0119 z r\u00f3\u017cnorodnymi stylami dekoracyjnymi, dodaj\u0105c subtelno\u015bci i finezji ka\u017cdemu sto\u0142owi.<\/p>\n<p>Dodatkowo, le\u017c\u0105ca forma winietki sprawia, \u017ce jest ona wyj\u0105tkowo dyskretna i elegancka, dodaj\u0105c subtelny akcent do ca\u0142o\u015bciowej aran\u017cacji.<\/p>\n<p>Jak zam\u00f3wi\u0107? To proste!<br \/>&#8211;<strong>Dokonaj p\u0142atno\u015bci<\/strong> za wybran\u0105 ilo\u015b\u0107 winietek.<br \/>&#8211;<strong>Podaj list\u0119 go\u015bci:<\/strong> Wysy\u0142aj\u0105c informacje na adres e-mail: <a>pracownia@pannaanna.com.pl<\/a>, podaj list\u0119 go\u015bci  oraz kolor wst\u0105\u017cki (Je\u015bli interesuj\u0119 ci\u0119 inna czcionka, napisz &#8211; przedstawimy inne warianty).<br \/>&#8211;<strong>Projekt do zatwierdzenia:<\/strong> Po zaksi\u0119gowaniu p\u0142atno\u015bci wy\u015blemy do Ciebie projekt winietki do potwierdzenia lub wprowadzenia poprawek.<br \/>&#8211;<strong>Produkcja:<\/strong> Po ostatecznej akceptacji przyst\u0119pujemy do produkcji Twoich winietek.<\/p>\n","protected":false},"excerpt":{"rendered":"<p>Winietka le\u017c\u0105ca ze wst\u0105\u017ck\u0105 to uroczy dodatek, kt\u00f3ry dodaje elegancji i delikatno\u015bci ka\u017cdemu sto\u0142owi podczas uroczysto\u015bci \u015blubnej.<\/p>\n","protected":false},"featured_media":2985,"template":"","meta":[],"product_brand":[],"product_cat":[19],"product_tag":[38,39,63],"class_list":{"0":"post-2983","1":"product","2":"type-product","3":"status-publish","4":"has-post-thumbnail","6":"product_cat-winietki","7":"product_tag-winietka","8":"product_tag-winietka-slubna","9":"product_tag-winietka-slubna-lezaca","11":"first","12":"instock","13":"shipping-taxable","14":"purchasable","15":"product-type-simple"},"_links":{"self":[{"href":"https:\/\/www.pannaanna.com.pl\/index.php\/wp-json\/wp\/v2\/product\/2983","targetHints":{"allow":["GET"]}}],"collection":[{"href":"https:\/\/www.pannaanna.com.pl\/index.php\/wp-json\/wp\/v2\/product"}],"about":[{"href":"https:\/\/www.pannaanna.com.pl\/index.php\/wp-json\/wp\/v2\/types\/product"}],"wp:featuredmedia":[{"embeddable":true,"href":"https:\/\/www.pannaanna.com.pl\/index.php\/wp-json\/wp\/v2\/media\/2985"}],"wp:attachment":[{"href":"https:\/\/www.pannaanna.com.pl\/index.php\/wp-json\/wp\/v2\/media?parent=2983"}],"wp:term":[{"taxonomy":"product_brand","embeddable":true,"href":"https:\/\/www.pannaanna.com.pl\/index.php\/wp-json\/wp\/v2\/product_brand?post=2983"},{"taxonomy":"product_cat","embeddable":true,"href":"https:\/\/www.pannaanna.com.pl\/index.php\/wp-json\/wp\/v2\/product_cat?post=2983"},{"taxonomy":"product_tag","embeddable":true,"href":"https:\/\/www.pannaanna.com.pl\/index.php\/wp-json\/wp\/v2\/product_tag?post=2983"}],"curies":[{"name":"wp","href":"https:\/\/api.w.org\/{rel}","templated":true}]}}