{"id":2990,"date":"2024-07-19T14:13:57","date_gmt":"2024-07-19T14:13:57","guid":{"rendered":"https:\/\/www.pannaanna.com.pl\/?post_type=product&#038;p=2990"},"modified":"2025-03-10T11:34:37","modified_gmt":"2025-03-10T11:34:37","slug":"butelkowa-zielen-zaproszenie-slubne-z-listkami-i-koperta","status":"publish","type":"product","link":"https:\/\/www.pannaanna.com.pl\/index.php\/produkt\/butelkowa-zielen-zaproszenie-slubne-z-listkami-i-koperta\/","title":{"rendered":"Butelkowa ziele\u0144 \u2013 zaproszenie \u015blubne z listkami i kopert\u0105"},"content":{"rendered":"<p>Przedstawiamy wz\u00f3r zaproszenia \u015blubnego, kt\u00f3ry cieszy si\u0119 szczeg\u00f3ln\u0105 popularno\u015bci\u0105 w\u015br\u00f3d Par M\u0142odych.\u00a0<br \/><strong>Jednokartkowe, zaproszenie \u015blubne<\/strong> z kopert\u0105 w butelkowej zieleni\u00a0na eleganckim papierze z t\u0142oczeniami w pr\u0105\u017cki. Delikatne, proste, minimalistyczne, a mimo to \u2013 szczeg\u00f3lne i wyr\u00f3\u017cniaj\u0105ce si\u0119. <\/p>\n<p>Zam\u00f3wienie<br \/>obejmuje:<br \/>&#8211; <strong>Druk cyfrowy<\/strong>\u00a0zaproszenia w formacie 10,5 cm x 15,5 cm<br \/>&#8211; <strong>Kopert\u0119 w rozmiarze C6\u00a0<\/strong>idealnie pasuj\u0105c\u0105 do zaproszenia\u00a0o grubo\u015bci 110 g (kolor: butelkowa ziele\u0144)<br \/>&#8211; Wydruk na\u00a0ekskluzywnym papierze o charakterystycznej<strong> t\u0142oczonej powierzchni <\/strong>250 g<br \/>&#8211; <strong>Tasiemk\u0119 <\/strong>w kolorze \u015bmietankowy do samodzielnego zwi\u0105zania\u00a0<br \/>&#8211; <strong>Personalizacj\u0119 listy go\u015bci<\/strong>\u00a0lub wykropkowan\u0105 lini\u0119<br \/>&#8211; Wydruk full kolor<br \/>&#8211; <strong>Projekt graficzny <\/strong>oraz mo\u017cliwo\u015b\u0107 naniesienia poprawek<br \/>&#8211; <strong>P\u00f3\u0142roczn\u0105 archiwizacj\u0119 zam\u00f3wienia<\/strong>\u00a0co w praktyce oznacza mo\u017cliwo\u015b\u0107 dom\u00f3wienia pojedynczych sztuk<\/p>\n<p>*zdj\u0119cia s\u0105 przyk\u0142adow\u0105 realizacj\u0105, dlatego posiadaj\u0105 zamazane dane<br \/>osobowe.<\/p>\n<p>Procedura Zam\u00f3wienia:<br \/>&#8211; <strong>Dokonaj P\u0142atno\u015bci:<\/strong> Wybierz odpowiedni\u0105 ilo\u015b\u0107 zaprosze\u0144 i dokonaj p\u0142atno\u015bci.<br \/>&#8211; <strong>Prze\u015blij Dane:<\/strong> Na adres e-mail: <a>pracownia@pannaanna.com.pl<\/a> prze\u015blij wszystkie niezb\u0119dne dane\u00a0<br \/><em>(imiona i nazwiska pary m\u0142odej, ko\u015bci\u00f3\u0142, sal\u0119, dat\u0119, godzin\u0119, numery telefon\u00f3w, dat\u0119 do kiedy maj\u0105 potwierdzi\u0107 go\u015bcie swoj\u0105 obecno\u015b\u0107 na weselu, oraz ewentualnie list\u0119 go\u015bci w Wordzie lub Excelu).<\/em><br \/>&#8211; <strong>Projekt Zaproszenia:<\/strong> Otrzymasz projekt zaproszenia do zatwierdzenia lub wprowadzenia ewentualnych poprawek.<br \/>&#8211; <strong>Produkcja:<\/strong> Po ostatecznej akceptacji projektu przyst\u0105pimy do produkcji zaprosze\u0144.<\/p>\n<p>Zapewniamy, \u017ce ka\u017cde zaproszenie b\u0119dzie starannie wykonane, spe\u0142niaj\u0105c wszystkie Pa\u0144stwa oczekiwania i dodaj\u0105c wyj\u0105tkowego uroku Waszemu wielkiemu dniu.<\/p>\n","protected":false},"excerpt":{"rendered":"<p>Zaproszenie \u015blubne z butelkow\u0105 zieleni\u0105 oraz aksamitn\u0105 wst\u0105\u017ck\u0105. Wykonane specjalnie na \u017cyczenie ka\u017cdej pary, niepowtarzalne i wyj\u0105tkowe.<\/p>\n","protected":false},"featured_media":2994,"template":"","meta":[],"product_brand":[],"product_cat":[18],"product_tag":[49,45,51,66,41],"class_list":{"0":"post-2990","1":"product","2":"type-product","3":"status-publish","4":"has-post-thumbnail","6":"product_cat-zaproszenia-slubne","7":"product_tag-delikatne-zaproszenie-slubne","8":"product_tag-eleganckie-zaproszenia-slubne","9":"product_tag-hit-2024-zaproszenie-slubne","10":"product_tag-minimalistyczne-zaproszenie","11":"product_tag-zaproszenia-slubne","13":"first","14":"instock","15":"shipping-taxable","16":"purchasable","17":"product-type-simple"},"_links":{"self":[{"href":"https:\/\/www.pannaanna.com.pl\/index.php\/wp-json\/wp\/v2\/product\/2990","targetHints":{"allow":["GET"]}}],"collection":[{"href":"https:\/\/www.pannaanna.com.pl\/index.php\/wp-json\/wp\/v2\/product"}],"about":[{"href":"https:\/\/www.pannaanna.com.pl\/index.php\/wp-json\/wp\/v2\/types\/product"}],"wp:featuredmedia":[{"embeddable":true,"href":"https:\/\/www.pannaanna.com.pl\/index.php\/wp-json\/wp\/v2\/media\/2994"}],"wp:attachment":[{"href":"https:\/\/www.pannaanna.com.pl\/index.php\/wp-json\/wp\/v2\/media?parent=2990"}],"wp:term":[{"taxonomy":"product_brand","embeddable":true,"href":"https:\/\/www.pannaanna.com.pl\/index.php\/wp-json\/wp\/v2\/product_brand?post=2990"},{"taxonomy":"product_cat","embeddable":true,"href":"https:\/\/www.pannaanna.com.pl\/index.php\/wp-json\/wp\/v2\/product_cat?post=2990"},{"taxonomy":"product_tag","embeddable":true,"href":"https:\/\/www.pannaanna.com.pl\/index.php\/wp-json\/wp\/v2\/product_tag?post=2990"}],"curies":[{"name":"wp","href":"https:\/\/api.w.org\/{rel}","templated":true}]}}