{"id":3006,"date":"2024-07-19T14:40:47","date_gmt":"2024-07-19T14:40:47","guid":{"rendered":"https:\/\/www.pannaanna.com.pl\/?post_type=product&#038;p=3006"},"modified":"2024-07-19T14:45:15","modified_gmt":"2024-07-19T14:45:15","slug":"zlocone-jednokartkowe-klasyczne-menu-weselne","status":"publish","type":"product","link":"https:\/\/www.pannaanna.com.pl\/index.php\/produkt\/zlocone-jednokartkowe-klasyczne-menu-weselne\/","title":{"rendered":"Z\u0142ocone jednokartkowe klasyczne menu weselne"},"content":{"rendered":"<p>Przedstawiamy z\u0142ocone jednokartkowe klasyczne menu weselne \u2013 idealne dope\u0142nienie eleganckiego przyj\u0119cia. To menu charakteryzuje si\u0119 minimalistycznym designem z subtelnymi z\u0142oceniami, kt\u00f3re dodaj\u0105 mu blasku i klasy.<\/p>\n<p>Menu weselne mo\u017cna personalizowa\u0107, dodaj\u0105c imiona nowo\u017ce\u0144c\u00f3w, dat\u0119 \u015blubu oraz list\u0119 da\u0144 i napoj\u00f3w serwowanych na przyj\u0119ciu. Dzi\u0119ki temu ka\u017cde menu staje si\u0119 unikalne i dopasowane do Twojej wizji wesela.<\/p>\n<p><strong>Specyfikacja:<\/strong><br \/>-gramatura papieru: 250 g\/m2<br \/>-papier wysokiej jako\u015bci, fakturowany<br \/>-przygotowanie projektu menu wg wytycznych Klienta<br \/>-r\u0119cznie z\u0142ocenie do\u0142u menu<br \/><strong><br \/>Przebieg zam\u00f3wienia:<\/strong><br \/>&#8211; Zakup wybran\u0105 ilo\u015b\u0107 menu<br \/>&#8211; Na adres e-mail pracownia@pannaanna.com.pl prze\u015blij wszystkie niezb\u0119dne dane kt\u00f3re mamy umie\u015bci\u0107 w menu (posi\u0142ki, godziny).<br \/>&#8211; Na ich podstawie wykonamy dla Pa\u0144stwa projekt menu i wy\u015blemy go do potwierdzenia lub okre\u015blenia poprawek.<br \/>&#8211; Po ostatecznej akceptacji przyst\u0119pujemy do produkcji.<\/p>\n","protected":false},"excerpt":{"rendered":"<p>Z\u0142ocone jednokartkowe klasyczne menu weselne to elegancki i stylowy dodatek do Waszego przyj\u0119cia. Z\u0142ocone detale dodaj\u0105 blasku, podkre\u015blaj\u0105c wyj\u0105tkowo\u015b\u0107 Waszej uroczysto\u015bci.<\/p>\n","protected":false},"featured_media":3008,"template":"","meta":[],"product_brand":[],"product_cat":[23],"product_tag":[69,72,71,79],"class_list":{"0":"post-3006","1":"product","2":"type-product","3":"status-publish","4":"has-post-thumbnail","6":"product_cat-menu-weselne","7":"product_tag-menu-weselne","8":"product_tag-menu-z-agenda","9":"product_tag-menu-z-drinkami","10":"product_tag-zlocone-menu-weselne","12":"first","13":"instock","14":"shipping-taxable","15":"purchasable","16":"product-type-simple"},"_links":{"self":[{"href":"https:\/\/www.pannaanna.com.pl\/index.php\/wp-json\/wp\/v2\/product\/3006","targetHints":{"allow":["GET"]}}],"collection":[{"href":"https:\/\/www.pannaanna.com.pl\/index.php\/wp-json\/wp\/v2\/product"}],"about":[{"href":"https:\/\/www.pannaanna.com.pl\/index.php\/wp-json\/wp\/v2\/types\/product"}],"wp:featuredmedia":[{"embeddable":true,"href":"https:\/\/www.pannaanna.com.pl\/index.php\/wp-json\/wp\/v2\/media\/3008"}],"wp:attachment":[{"href":"https:\/\/www.pannaanna.com.pl\/index.php\/wp-json\/wp\/v2\/media?parent=3006"}],"wp:term":[{"taxonomy":"product_brand","embeddable":true,"href":"https:\/\/www.pannaanna.com.pl\/index.php\/wp-json\/wp\/v2\/product_brand?post=3006"},{"taxonomy":"product_cat","embeddable":true,"href":"https:\/\/www.pannaanna.com.pl\/index.php\/wp-json\/wp\/v2\/product_cat?post=3006"},{"taxonomy":"product_tag","embeddable":true,"href":"https:\/\/www.pannaanna.com.pl\/index.php\/wp-json\/wp\/v2\/product_tag?post=3006"}],"curies":[{"name":"wp","href":"https:\/\/api.w.org\/{rel}","templated":true}]}}