{"id":3010,"date":"2024-07-19T14:48:15","date_gmt":"2024-07-19T14:48:15","guid":{"rendered":"https:\/\/www.pannaanna.com.pl\/?post_type=product&#038;p=3010"},"modified":"2025-03-10T11:34:16","modified_gmt":"2025-03-10T11:34:16","slug":"zaproszenie-slubne-eko-z-listkami-i-koperta","status":"publish","type":"product","link":"https:\/\/www.pannaanna.com.pl\/index.php\/produkt\/zaproszenie-slubne-eko-z-listkami-i-koperta\/","title":{"rendered":"Zaproszenie \u015blubne EKO \u2013 z listkami i kopert\u0105"},"content":{"rendered":"<p>Delikatny motyw listk\u00f3w dodaje mu naturalnego uroku, podkre\u015blaj\u0105c blisko\u015b\u0107 z natur\u0105. Do ka\u017cdego zaproszenia do\u0142\u0105czamy kopert\u0119 EKO, kt\u00f3ra idealnie dope\u0142nia ca\u0142o\u015b\u0107. To ekologiczne zaproszenie jest nie tylko pi\u0119kne, ale tak\u017ce wyra\u017ca Wasze zaanga\u017cowanie w ochron\u0119 \u015brodowiska.<\/p>\n<p>Zam\u00f3wienie<br \/>obejmuje:<br \/>&#8211; <strong>Druk cyfrowy<\/strong>\u00a0zaproszenia w formacie 10,5 cm x 15,5 cm<br \/>&#8211; <strong>EKO Kopert\u0119 w rozmiarze C6\u00a0<\/strong>idealnie pasuj\u0105c\u0105 do zaproszenia\u00a0o grubo\u015bci 110 g<br \/>&#8211; Wydruk na\u00a0ekskluzywnym papierze o charakterystycznej<strong> t\u0142oczonej powierzchni <\/strong>250 g<br \/>&#8211; <strong>Sznurek jutowy<\/strong> do samodzielnego zwi\u0105zania\u00a0<br \/>&#8211; <strong>Personalizacj\u0119 listy go\u015bci<\/strong>\u00a0lub wykropkowan\u0105 lini\u0119<br \/>&#8211; Wydruk full kolor<br \/>&#8211; <strong>Projekt graficzny <\/strong>oraz mo\u017cliwo\u015b\u0107 naniesienia poprawek<br \/>&#8211; <strong>P\u00f3\u0142roczn\u0105 archiwizacj\u0119 zam\u00f3wienia<\/strong>\u00a0co w praktyce oznacza mo\u017cliwo\u015b\u0107 dom\u00f3wienia pojedynczych sztuk<\/p>\n<p>*zdj\u0119cia s\u0105 przyk\u0142adow\u0105 realizacj\u0105, dlatego posiadaj\u0105 zamazane dane osobowe.<\/p>\n<p>Procedura Zam\u00f3wienia:<br \/>&#8211; <strong>Dokonaj P\u0142atno\u015bci:<\/strong> Wybierz odpowiedni\u0105 ilo\u015b\u0107 zaprosze\u0144 i dokonaj p\u0142atno\u015bci.<br \/>&#8211; <strong>Prze\u015blij Dane:<\/strong> Na adres e-mail: <a>pracownia@pannaanna.com.pl<\/a> prze\u015blij wszystkie niezb\u0119dne dane\u00a0<br \/><em>(imiona i nazwiska pary m\u0142odej, ko\u015bci\u00f3\u0142, sal\u0119, dat\u0119, godzin\u0119, numery telefon\u00f3w, dat\u0119 do kiedy maj\u0105 potwierdzi\u0107 go\u015bcie swoj\u0105 obecno\u015b\u0107 na weselu, oraz ewentualnie list\u0119 go\u015bci w Wordzie lub Excelu).<\/em><br \/>&#8211; <strong>Projekt Zaproszenia:<\/strong> Otrzymasz projekt zaproszenia do zatwierdzenia lub wprowadzenia ewentualnych poprawek.<br \/>&#8211; <strong>Produkcja:<\/strong> Po ostatecznej akceptacji projektu przyst\u0105pimy do produkcji zaprosze\u0144.<\/p>\n<p>Zapewniamy, \u017ce ka\u017cde zaproszenie b\u0119dzie starannie wykonane, spe\u0142niaj\u0105c wszystkie Pa\u0144stwa oczekiwania i dodaj\u0105c wyj\u0105tkowego uroku Waszemu wielkiemu dniu.<\/p>\n","protected":false},"excerpt":{"rendered":"<p>Zaproszenie \u015blubne EKO z listkami i kopert\u0105 EKO to idealny wyb\u00f3r dla par ceni\u0105cych ekologiczne rozwi\u0105zania. Wykonane z naturalnych materia\u0142\u00f3w, \u0142\u0105czy w sobie elegancj\u0119 z dba\u0142o\u015bci\u0105 o \u015brodowisko.<\/p>\n","protected":false},"featured_media":3013,"template":"","meta":[],"product_brand":[],"product_cat":[18],"product_tag":[49,80,66,41,81],"class_list":{"0":"post-3010","1":"product","2":"type-product","3":"status-publish","4":"has-post-thumbnail","6":"product_cat-zaproszenia-slubne","7":"product_tag-delikatne-zaproszenie-slubne","8":"product_tag-eko-zaproszenie-slubne","9":"product_tag-minimalistyczne-zaproszenie","10":"product_tag-zaproszenia-slubne","11":"product_tag-zaproszenie-z-listkami","13":"first","14":"instock","15":"shipping-taxable","16":"purchasable","17":"product-type-simple"},"_links":{"self":[{"href":"https:\/\/www.pannaanna.com.pl\/index.php\/wp-json\/wp\/v2\/product\/3010","targetHints":{"allow":["GET"]}}],"collection":[{"href":"https:\/\/www.pannaanna.com.pl\/index.php\/wp-json\/wp\/v2\/product"}],"about":[{"href":"https:\/\/www.pannaanna.com.pl\/index.php\/wp-json\/wp\/v2\/types\/product"}],"wp:featuredmedia":[{"embeddable":true,"href":"https:\/\/www.pannaanna.com.pl\/index.php\/wp-json\/wp\/v2\/media\/3013"}],"wp:attachment":[{"href":"https:\/\/www.pannaanna.com.pl\/index.php\/wp-json\/wp\/v2\/media?parent=3010"}],"wp:term":[{"taxonomy":"product_brand","embeddable":true,"href":"https:\/\/www.pannaanna.com.pl\/index.php\/wp-json\/wp\/v2\/product_brand?post=3010"},{"taxonomy":"product_cat","embeddable":true,"href":"https:\/\/www.pannaanna.com.pl\/index.php\/wp-json\/wp\/v2\/product_cat?post=3010"},{"taxonomy":"product_tag","embeddable":true,"href":"https:\/\/www.pannaanna.com.pl\/index.php\/wp-json\/wp\/v2\/product_tag?post=3010"}],"curies":[{"name":"wp","href":"https:\/\/api.w.org\/{rel}","templated":true}]}}