{"id":3036,"date":"2024-08-05T10:09:12","date_gmt":"2024-08-05T10:09:12","guid":{"rendered":"https:\/\/www.pannaanna.com.pl\/?post_type=product&#038;p=3036"},"modified":"2024-08-05T10:25:24","modified_gmt":"2024-08-05T10:25:24","slug":"winietka-kolekcja-delikatne","status":"publish","type":"product","link":"https:\/\/www.pannaanna.com.pl\/index.php\/produkt\/winietka-kolekcja-delikatne\/","title":{"rendered":"Winietka &#8211; kolekcja DELIKATNE"},"content":{"rendered":"<p>Odkryj nasz\u0105 kolekcj\u0119 &#8222;Delikatne&#8221;, stworzon\u0105 z my\u015bl\u0105 o tych, kt\u00f3rzy ceni\u0105 sobie subteln\u0105 elegancj\u0119 i wyrafinowane detale. Ka\u017cda winietka wykonana jest z najwy\u017cszej jako\u015bci, fakturowanego papieru, kt\u00f3ry dodaje uroku i presti\u017cu ka\u017cdemu wydarzeniu. Idealna na wyj\u0105tkowe okazje, gdzie liczy si\u0119 ka\u017cdy detal.<\/p>\n<p>Jak zam\u00f3wi\u0107? To proste!<br \/>&#8211;<strong>Dokonaj p\u0142atno\u015bci<\/strong> za wybran\u0105 ilo\u015b\u0107 winietek.<br \/>&#8211;<strong>Podaj list\u0119 go\u015bci:<\/strong> Wysy\u0142aj\u0105c informacje na adres e-mail: <a>pracownia@pannaanna.com.pl<\/a>, podaj list\u0119 go\u015bci<br \/>&#8211;<strong>Projekt do zatwierdzenia:<\/strong> Po zaksi\u0119gowaniu p\u0142atno\u015bci wy\u015blemy do Ciebie projekt winietki do potwierdzenia lub wprowadzenia poprawek.<br \/>&#8211;<strong>Produkcja:<\/strong> Po ostatecznej akceptacji przyst\u0119pujemy do produkcji Twoich winietek.<\/p>\n","protected":false},"excerpt":{"rendered":"<p>Wyj\u0105tkowa kolekcja na pi\u0119knym, fakturowanym papierze. Subtelno\u015b\u0107 i elegancja w ka\u017cdym detalu.<\/p>\n","protected":false},"featured_media":3037,"template":"","meta":[],"product_brand":[],"product_cat":[19],"product_tag":[89,92,91,90,38,39],"class_list":{"0":"post-3036","1":"product","2":"type-product","3":"status-publish","4":"has-post-thumbnail","6":"product_cat-winietki","7":"product_tag-delikatna-winietka-slubna","8":"product_tag-elegancka-winietka","9":"product_tag-prosta-winietka","10":"product_tag-subtelna-winietka","11":"product_tag-winietka","12":"product_tag-winietka-slubna","14":"first","15":"instock","16":"shipping-taxable","17":"purchasable","18":"product-type-simple"},"_links":{"self":[{"href":"https:\/\/www.pannaanna.com.pl\/index.php\/wp-json\/wp\/v2\/product\/3036","targetHints":{"allow":["GET"]}}],"collection":[{"href":"https:\/\/www.pannaanna.com.pl\/index.php\/wp-json\/wp\/v2\/product"}],"about":[{"href":"https:\/\/www.pannaanna.com.pl\/index.php\/wp-json\/wp\/v2\/types\/product"}],"wp:featuredmedia":[{"embeddable":true,"href":"https:\/\/www.pannaanna.com.pl\/index.php\/wp-json\/wp\/v2\/media\/3037"}],"wp:attachment":[{"href":"https:\/\/www.pannaanna.com.pl\/index.php\/wp-json\/wp\/v2\/media?parent=3036"}],"wp:term":[{"taxonomy":"product_brand","embeddable":true,"href":"https:\/\/www.pannaanna.com.pl\/index.php\/wp-json\/wp\/v2\/product_brand?post=3036"},{"taxonomy":"product_cat","embeddable":true,"href":"https:\/\/www.pannaanna.com.pl\/index.php\/wp-json\/wp\/v2\/product_cat?post=3036"},{"taxonomy":"product_tag","embeddable":true,"href":"https:\/\/www.pannaanna.com.pl\/index.php\/wp-json\/wp\/v2\/product_tag?post=3036"}],"curies":[{"name":"wp","href":"https:\/\/api.w.org\/{rel}","templated":true}]}}