{"id":3051,"date":"2024-08-05T11:01:37","date_gmt":"2024-08-05T11:01:37","guid":{"rendered":"https:\/\/www.pannaanna.com.pl\/?post_type=product&#038;p=3051"},"modified":"2024-08-05T11:06:15","modified_gmt":"2024-08-05T11:06:15","slug":"zawieszka-na-alkohol-kolekcja-delikatne","status":"publish","type":"product","link":"https:\/\/www.pannaanna.com.pl\/index.php\/produkt\/zawieszka-na-alkohol-kolekcja-delikatne\/","title":{"rendered":"zawieszka na alkohol &#8211; kolekcja delikatne"},"content":{"rendered":"<p>Eleganckie zawieszki na pi\u0119knym, fakturowanym papierze, kt\u00f3re dodaj\u0105 subtelno\u015bci i uroku ka\u017cdemu weselnemu przyj\u0119ciu. Ka\u017cda zawieszka mo\u017ce mie\u0107 unikalny, wyj\u0105tkowy tekst.<\/p>\n<p>Przedstawiamy zawieszki z kolekcji &#8222;Delikatne&#8221; &#8211; po\u0142\u0105czenie elegancji i subtelno\u015bci. Wykonane z najwy\u017cszej jako\u015bci, fakturowanego papieru, zawieszki te stanowi\u0105 pi\u0119kny dodatek do ka\u017cdego weselnego przyj\u0119cia. Ka\u017cda zawieszka mo\u017ce by\u0107 spersonalizowana unikalnym tekstem, co pozwala na dodanie osobistego akcentu i wyj\u0105tkowego charakteru. Od serdecznych podzi\u0119kowa\u0144 po zabawne sentencje \u2013 nasze zawieszki oferuj\u0105 szeroki wyb\u00f3r opcji, kt\u00f3re uczyni\u0105 Twoje wesele niezapomnianym. <\/p>\n<p><strong>Specyfikacja zawieszek<\/strong><br \/>&#8211; nadruk:\u00a0<strong>pe\u0142na personalizacja<\/strong><br \/>&#8211; wydruk:\u00a0<strong>wysokiej jako\u015bci wydruk cyfrowy<\/strong><br \/>&#8211; gramatura:\u00a0<strong>ok 250g (sztywny kartoniki wizyt\u00f3wkowy)<\/strong><br \/>&#8211; mo\u017cliwa personalizacja zawieszki (imiona pary m\u0142odej + data \u015blubu)<br \/>&#8211; mo\u017cliwy dowolny tekst (wierszyk, \u015bmieszny wierszyk)<br \/>&#8211; <strong>metalizowany sznureczek<\/strong><\/p>\n<p><strong>PRODUKT GOTOWY DO ZAWIESZENIA NA BUTELK\u0118<\/strong><\/p>\n<p><strong>OTRZYMUJ\u0104 PA\u0143STWO GOTOWY PRODUKT DO ZAWIESZENIA.<\/strong><\/p>\n<p>Jak Zam\u00f3wi\u0107?<br \/>&#8211; <strong>Dodaj do Koszyka:<\/strong> Wybierz potrzebn\u0105 ilo\u015b\u0107 zawieszek i dodaj je do koszyka.<br \/> &#8211; <strong>Uwagi do Zam\u00f3wienia:<\/strong> W okienku &#8222;UWAGI DO ZAM\u00d3WIENIA&#8221; podczas sk\u0142adania zam\u00f3wienia, podaj nam szczeg\u00f3\u0142y dotycz\u0105ce personalizacji, takie jak imiona pary m\u0142odej oraz data \u015blubu.<br \/>&#8211; <strong>Dokonaj P\u0142atno\u015bci:<\/strong> Po dodaniu zawieszek do koszyka, dokonaj p\u0142atno\u015bci za wybran\u0105 ilo\u015b\u0107.<br \/>&#8211; <strong>Projekt Zawieszki:<\/strong> Po zaksi\u0119gowaniu si\u0119 p\u0142atno\u015bci, prze\u015blemy do Ciebie projekt zawieszki do potwierdzenia lub wprowadzenia ewentualnych poprawek.<br \/>&#8211; <strong>Produkcja:<\/strong> Po ostatecznej akceptacji projektu przyst\u0105pimy do produkcji. Ka\u017cda zawieszka jest starannie wykonana z dba\u0142o\u015bci\u0105 o ka\u017cdy detal.<\/p>\n","protected":false},"excerpt":{"rendered":"<p>Nadaj ka\u017cdej butelce alkoholu odpowiedniego charakteru, dzi\u0119ki naszym zawieszkom!<\/p>\n","protected":false},"featured_media":3052,"template":"","meta":[],"product_brand":[],"product_cat":[20],"product_tag":[46,48,47],"class_list":{"0":"post-3051","1":"product","2":"type-product","3":"status-publish","4":"has-post-thumbnail","6":"product_cat-zawieszki-na-alkohol","7":"product_tag-zawieszki-na-alkohol","8":"product_tag-zawieszki-na-butelke-ze-smiesznymi-tekstami","9":"product_tag-zlocone-zawieszki-na-butelke","11":"first","12":"instock","13":"shipping-taxable","14":"purchasable","15":"product-type-simple"},"_links":{"self":[{"href":"https:\/\/www.pannaanna.com.pl\/index.php\/wp-json\/wp\/v2\/product\/3051","targetHints":{"allow":["GET"]}}],"collection":[{"href":"https:\/\/www.pannaanna.com.pl\/index.php\/wp-json\/wp\/v2\/product"}],"about":[{"href":"https:\/\/www.pannaanna.com.pl\/index.php\/wp-json\/wp\/v2\/types\/product"}],"wp:featuredmedia":[{"embeddable":true,"href":"https:\/\/www.pannaanna.com.pl\/index.php\/wp-json\/wp\/v2\/media\/3052"}],"wp:attachment":[{"href":"https:\/\/www.pannaanna.com.pl\/index.php\/wp-json\/wp\/v2\/media?parent=3051"}],"wp:term":[{"taxonomy":"product_brand","embeddable":true,"href":"https:\/\/www.pannaanna.com.pl\/index.php\/wp-json\/wp\/v2\/product_brand?post=3051"},{"taxonomy":"product_cat","embeddable":true,"href":"https:\/\/www.pannaanna.com.pl\/index.php\/wp-json\/wp\/v2\/product_cat?post=3051"},{"taxonomy":"product_tag","embeddable":true,"href":"https:\/\/www.pannaanna.com.pl\/index.php\/wp-json\/wp\/v2\/product_tag?post=3051"}],"curies":[{"name":"wp","href":"https:\/\/api.w.org\/{rel}","templated":true}]}}