{"id":3077,"date":"2024-08-15T14:39:13","date_gmt":"2024-08-15T14:39:13","guid":{"rendered":"https:\/\/www.pannaanna.com.pl\/?post_type=product&#038;p=3077"},"modified":"2024-08-15T14:45:16","modified_gmt":"2024-08-15T14:45:16","slug":"winietka-eukaliptus","status":"publish","type":"product","link":"https:\/\/www.pannaanna.com.pl\/index.php\/produkt\/winietka-eukaliptus\/","title":{"rendered":"Winietka &#8211; z r\u00f3\u017c\u0105"},"content":{"rendered":"<p>Przedstawiamy winietk\u0119 \u015blubn\u0105 z r\u00f3\u017c\u0105 \u2013 perfekcyjne po\u0142\u0105czenie elegancji i subtelno\u015bci. Jej minimalistyczny design sprawia, \u017ce jest nie tylko estetycznie wysmakowana, ale tak\u017ce idealnie komponuje si\u0119 z r\u00f3\u017cnorodnymi aran\u017cacjami.<\/p>\n<p>Jak zam\u00f3wi\u0107? To proste!<br \/>&#8211;<strong>Dokonaj p\u0142atno\u015bci<\/strong> za wybran\u0105 ilo\u015b\u0107 winietek.<br \/>&#8211;<strong>Podaj list\u0119 go\u015bci:<\/strong> Wysy\u0142aj\u0105c informacje na adres e-mail: <a>pracownia@pannaanna.com.pl<\/a>, podaj list\u0119 go\u015bci<br \/>&#8211;<strong>Projekt do zatwierdzenia:<\/strong> Po zaksi\u0119gowaniu p\u0142atno\u015bci wy\u015blemy do Ciebie projekt winietki do potwierdzenia lub wprowadzenia poprawek.<br \/>&#8211;<strong>Produkcja:<\/strong> Po ostatecznej akceptacji przyst\u0119pujemy do produkcji Twoich winietek.<\/p>\n","protected":false},"excerpt":{"rendered":"<p>Idealna, aby doda\u0107 lekko\u015bci i stylu Waszemu przyj\u0119ciu.<\/p>\n","protected":false},"featured_media":3082,"template":"","meta":[],"product_brand":[],"product_cat":[19],"product_tag":[38,39,83,98],"class_list":{"0":"post-3077","1":"product","2":"type-product","3":"status-publish","4":"has-post-thumbnail","6":"product_cat-winietki","7":"product_tag-winietka","8":"product_tag-winietka-slubna","9":"product_tag-winietka-z-kwiatkami","10":"product_tag-winietka-z-roza","12":"first","13":"instock","14":"shipping-taxable","15":"purchasable","16":"product-type-simple"},"_links":{"self":[{"href":"https:\/\/www.pannaanna.com.pl\/index.php\/wp-json\/wp\/v2\/product\/3077","targetHints":{"allow":["GET"]}}],"collection":[{"href":"https:\/\/www.pannaanna.com.pl\/index.php\/wp-json\/wp\/v2\/product"}],"about":[{"href":"https:\/\/www.pannaanna.com.pl\/index.php\/wp-json\/wp\/v2\/types\/product"}],"wp:featuredmedia":[{"embeddable":true,"href":"https:\/\/www.pannaanna.com.pl\/index.php\/wp-json\/wp\/v2\/media\/3082"}],"wp:attachment":[{"href":"https:\/\/www.pannaanna.com.pl\/index.php\/wp-json\/wp\/v2\/media?parent=3077"}],"wp:term":[{"taxonomy":"product_brand","embeddable":true,"href":"https:\/\/www.pannaanna.com.pl\/index.php\/wp-json\/wp\/v2\/product_brand?post=3077"},{"taxonomy":"product_cat","embeddable":true,"href":"https:\/\/www.pannaanna.com.pl\/index.php\/wp-json\/wp\/v2\/product_cat?post=3077"},{"taxonomy":"product_tag","embeddable":true,"href":"https:\/\/www.pannaanna.com.pl\/index.php\/wp-json\/wp\/v2\/product_tag?post=3077"}],"curies":[{"name":"wp","href":"https:\/\/api.w.org\/{rel}","templated":true}]}}