{"id":3092,"date":"2024-08-17T12:21:15","date_gmt":"2024-08-17T12:21:15","guid":{"rendered":"https:\/\/www.pannaanna.com.pl\/?post_type=product&#038;p=3092"},"modified":"2025-03-10T11:33:49","modified_gmt":"2025-03-10T11:33:49","slug":"zlocone-zaproszenie-w-listki-model-2024","status":"publish","type":"product","link":"https:\/\/www.pannaanna.com.pl\/index.php\/produkt\/zlocone-zaproszenie-w-listki-model-2024\/","title":{"rendered":"Z\u0142ocone zaproszenie w listki \u2013 model 2024"},"content":{"rendered":"<p>Przedstawiamy wz\u00f3r zaproszenia \u015blubnego, kt\u00f3re podbije niejedno serce.<br \/>Zaproszenie \u015blubne na eleganckim papierze z delikatnym t\u0142oczeniem, r\u0119cznie z\u0142ocone. Delikatne, proste, minimalistyczne, a mimo to \u2013 szczeg\u00f3lne i wyr\u00f3\u017cniaj\u0105ce si\u0119.<\/p>\n<p><strong>Zam\u00f3wienie obejmuje:<\/strong><br \/>&#8211; <strong>Druk cyfrowy<\/strong>\u00a0zaproszenia w formacie 10,5 cm x 15,5 cm<br \/>&#8211; <strong>Kopert\u0119 eko w rozmiarze C6<\/strong>\u00a0idealnie pasuj\u0105c\u0105 do zaproszenia<br \/>&#8211; Wydruk na\u00a0<strong>ekskluzywnym papierze o charakterystycznej t\u0142oczonej powierzchni 250 g<\/strong><br \/>&#8211; <strong>Tasiemk\u0119 w butelkowej zieleni\u00a0<\/strong>(do samodzielnego zawi\u0105zania)<br \/>&#8211; <strong>R\u0119czne z\u0142ocenie<\/strong> zaproszenia<br \/>&#8211; <strong>Personalizacja:<\/strong> Mo\u017cliwo\u015b\u0107 personalizacji listy go\u015bci lub wykropkowanej linii. Po dokonaniu zam\u00f3wienia, prosimy o przes\u0142anie niezb\u0119dnych danych na adres e-mail: <a>pracownia@pannaanna.com.pl<\/a>.<br \/>&#8211; <strong>Projekt Graficzny:<\/strong> Otrzymasz projekt zaproszenia do zatwierdzenia lub wprowadzenia ewentualnych poprawek w terminie 24 godzin od przes\u0142ania wszystkich niezb\u0119dnych danych.<br \/>&#8211; <strong>Dodatkowe Opcje:<\/strong> Mo\u017cliwo\u015b\u0107 dodania dowolnego rebusu \u015blubnego lub wierszyka na zaproszeniu.<br \/>&#8211; <strong>Archiwizacja Zam\u00f3wienia:<\/strong> Zam\u00f3wienie b\u0119dzie archiwizowane przez p\u00f3\u0142 roku, umo\u017cliwiaj\u0105c dom\u00f3wienie pojedynczych sztuk w razie potrzeby.<\/p>\n<p>Procedura Zam\u00f3wienia:<br \/>&#8211; <strong>Dokonaj P\u0142atno\u015bci:<\/strong> Wybierz odpowiedni\u0105 ilo\u015b\u0107 zaprosze\u0144 i dokonaj p\u0142atno\u015bci.<br \/>&#8211; <strong>Prze\u015blij Dane:<\/strong> Na adres e-mail: <a>pracownia@pannaanna.com.pl<\/a> prze\u015blij wszystkie niezb\u0119dne dane\u00a0<br \/><em>(imiona i nazwiska pary m\u0142odej, ko\u015bci\u00f3\u0142, sal\u0119, dat\u0119, godzin\u0119, numery telefon\u00f3w, dat\u0119 do kiedy maj\u0105 potwierdzi\u0107 go\u015bcie swoj\u0105 obecno\u015b\u0107 na weselu, oraz ewentualnie list\u0119 go\u015bci w Wordzie lub Excelu).<\/em><br \/>&#8211; <strong>Projekt Zaproszenia:<\/strong> Otrzymasz projekt zaproszenia do zatwierdzenia lub wprowadzenia ewentualnych poprawek.<br \/>&#8211; <strong>Produkcja:<\/strong> Po ostatecznej akceptacji projektu przyst\u0105pimy do produkcji zaprosze\u0144.<\/p>\n<p>Zapewniamy, \u017ce ka\u017cde zaproszenie b\u0119dzie starannie wykonane, spe\u0142niaj\u0105c wszystkie Pa\u0144stwa oczekiwania i dodaj\u0105c wyj\u0105tkowego uroku Waszemu wielkiemu dniu.<\/p>\n","protected":false},"excerpt":{"rendered":"<p>Zaproszenie \u015blubne r\u0119cznie z\u0142ocone z aksamitn\u0105 wst\u0105\u017ck\u0105. Wykonane specjalnie na \u017cyczenie ka\u017cdej pary, niepowtarzalne i wyj\u0105tkowe.<\/p>\n","protected":false},"featured_media":3094,"template":"","meta":[],"product_brand":[],"product_cat":[18],"product_tag":[51,100,41,102,101,42],"class_list":{"0":"post-3092","1":"product","2":"type-product","3":"status-publish","4":"has-post-thumbnail","6":"product_cat-zaproszenia-slubne","7":"product_tag-hit-2024-zaproszenie-slubne","8":"product_tag-hit-tanie-zaproszenie","9":"product_tag-zaproszenia-slubne","10":"product_tag-zaproszenie-eko","11":"product_tag-zaproszenie-zielone-listki","12":"product_tag-zlocone-zaproszenia-slubne","14":"first","15":"instock","16":"sale","17":"shipping-taxable","18":"purchasable","19":"product-type-simple"},"_links":{"self":[{"href":"https:\/\/www.pannaanna.com.pl\/index.php\/wp-json\/wp\/v2\/product\/3092","targetHints":{"allow":["GET"]}}],"collection":[{"href":"https:\/\/www.pannaanna.com.pl\/index.php\/wp-json\/wp\/v2\/product"}],"about":[{"href":"https:\/\/www.pannaanna.com.pl\/index.php\/wp-json\/wp\/v2\/types\/product"}],"wp:featuredmedia":[{"embeddable":true,"href":"https:\/\/www.pannaanna.com.pl\/index.php\/wp-json\/wp\/v2\/media\/3094"}],"wp:attachment":[{"href":"https:\/\/www.pannaanna.com.pl\/index.php\/wp-json\/wp\/v2\/media?parent=3092"}],"wp:term":[{"taxonomy":"product_brand","embeddable":true,"href":"https:\/\/www.pannaanna.com.pl\/index.php\/wp-json\/wp\/v2\/product_brand?post=3092"},{"taxonomy":"product_cat","embeddable":true,"href":"https:\/\/www.pannaanna.com.pl\/index.php\/wp-json\/wp\/v2\/product_cat?post=3092"},{"taxonomy":"product_tag","embeddable":true,"href":"https:\/\/www.pannaanna.com.pl\/index.php\/wp-json\/wp\/v2\/product_tag?post=3092"}],"curies":[{"name":"wp","href":"https:\/\/api.w.org\/{rel}","templated":true}]}}