{"id":3101,"date":"2024-08-17T12:33:01","date_gmt":"2024-08-17T12:33:01","guid":{"rendered":"https:\/\/www.pannaanna.com.pl\/?post_type=product&#038;p=3101"},"modified":"2025-03-10T11:36:42","modified_gmt":"2025-03-10T11:36:42","slug":"zaproszenie-slubne-z-wrzosem-i-rsvp","status":"publish","type":"product","link":"https:\/\/www.pannaanna.com.pl\/index.php\/produkt\/zaproszenie-slubne-z-wrzosem-i-rsvp\/","title":{"rendered":"Zaproszenie \u015blubne z wrzosem i RSVP"},"content":{"rendered":"<p>Wz\u00f3r z wrzosem charakteryzuje si\u0119 naturalnymi motywami i delikatnymi kolorami, kt\u00f3re wprowadzaj\u0105 romantyczny i swobodny klimat.<\/p>\n<p><strong>Zam\u00f3wienie obejmuje:<\/strong><br \/>&#8211; Druk cyfrowy <strong>zaproszenia w formacie 10,5 cm x 15,5 cm oraz kartki rsvp 10,5 cm x 7,5 cm<\/strong><br \/>&#8211; <strong>Eko kopert\u0119<\/strong> w rozmiarze C6 idealnie pasuj\u0105c\u0105 do zaproszenia o grubo\u015bci 110 g<br \/>&#8211; Delikatny <strong>jutowy sznureczek<\/strong> do samodzielnego zawi\u0105zania<br \/>&#8211; <strong>Personalizacj\u0119 listy go\u015bci<\/strong>\u00a0lub\u00a0<strong>wykropkowan\u0105 lini\u0119<\/strong>,<br \/>&#8211; Wydruk dwustronny, full kolor, bigowanie maszynowe<br \/>&#8211; <strong>Projekt graficzny<\/strong>\u00a0oraz\u00a0<strong>mo\u017cliwo\u015b\u0107 naniesienia poprawek<\/strong><br \/>&#8211; <strong>P\u00f3\u0142roczn\u0105 archiwizacj\u0119 zam\u00f3wienia<\/strong>\u00a0co w praktyce oznacza mo\u017cliwo\u015b\u0107 dom\u00f3wienia pojedynczych sztuk w przysz\u0142o\u015bci<\/p>\n<p><strong>Jak Zam\u00f3wi\u0107?<\/strong><br \/>To proste! Wystarczy wykona\u0107 kilka krok\u00f3w:<\/p>\n<p>&#8211; <strong>Dokonaj P\u0142atno\u015bci:<\/strong> Wybierz ilo\u015b\u0107 zaprosze\u0144 i dokonaj p\u0142atno\u015bci.<br \/>&#8211; <strong>Prze\u015blij Dane:<\/strong> Prze\u015blij wszystkie niezb\u0119dne dane na adres e-mail pracownia@pannaanna.pl. Wymagane informacje to: imiona i nazwiska pary m\u0142odej, lokalizacja ko\u015bcio\u0142a i sali, data i godzina ceremonii, numery telefon\u00f3w, termin potwierdzenia obecno\u015bci go\u015bci na weselu oraz ewentualna lista go\u015bci w formacie Worda lub Excela.<br \/>&#8211; <strong>Projekt Zaproszenia:<\/strong> Na podstawie przes\u0142anych danych wykonamy projekt zaproszenia i prze\u015blemy go do Pa\u0144stwa w ci\u0105gu 24 godzin do potwierdzenia lub zg\u0142oszenia ewentualnych poprawek.<br \/>&#8211; <strong>Ostateczna Akceptacja:<\/strong> Po otrzymaniu projektu prosimy o ostateczne potwierdzenie lub ewentualne poprawki.<\/p>\n<p>Prosimy pami\u0119ta\u0107, \u017ce zar\u00f3wno wst\u0119pny projekt, jak i ewentualne poprawki wymagaj\u0105 Pa\u0144stwa akceptacji. Bez tego nie mo\u017cemy kontynuowa\u0107 produkcji zam\u00f3wienia.<\/p>\n","protected":false},"excerpt":{"rendered":"<p>Zaproszenia \u015blubne z wrzosem, nawi\u0105zuj\u0105ce do natury, pozostan\u0105 na d\u0142ugo w pami\u0119ci Waszych go\u015bci.<\/p>\n","protected":false},"featured_media":3108,"template":"","meta":[],"product_brand":[],"product_cat":[18],"product_tag":[49,51,52,104,103],"class_list":{"0":"post-3101","1":"product","2":"type-product","3":"status-publish","4":"has-post-thumbnail","6":"product_cat-zaproszenia-slubne","7":"product_tag-delikatne-zaproszenie-slubne","8":"product_tag-hit-2024-zaproszenie-slubne","9":"product_tag-tanie-zaproszenie-slubne","10":"product_tag-zaproszenie-motyw-natury","11":"product_tag-zaproszenie-slubne-z-wrzosem","13":"first","14":"instock","15":"shipping-taxable","16":"purchasable","17":"product-type-simple"},"_links":{"self":[{"href":"https:\/\/www.pannaanna.com.pl\/index.php\/wp-json\/wp\/v2\/product\/3101","targetHints":{"allow":["GET"]}}],"collection":[{"href":"https:\/\/www.pannaanna.com.pl\/index.php\/wp-json\/wp\/v2\/product"}],"about":[{"href":"https:\/\/www.pannaanna.com.pl\/index.php\/wp-json\/wp\/v2\/types\/product"}],"wp:featuredmedia":[{"embeddable":true,"href":"https:\/\/www.pannaanna.com.pl\/index.php\/wp-json\/wp\/v2\/media\/3108"}],"wp:attachment":[{"href":"https:\/\/www.pannaanna.com.pl\/index.php\/wp-json\/wp\/v2\/media?parent=3101"}],"wp:term":[{"taxonomy":"product_brand","embeddable":true,"href":"https:\/\/www.pannaanna.com.pl\/index.php\/wp-json\/wp\/v2\/product_brand?post=3101"},{"taxonomy":"product_cat","embeddable":true,"href":"https:\/\/www.pannaanna.com.pl\/index.php\/wp-json\/wp\/v2\/product_cat?post=3101"},{"taxonomy":"product_tag","embeddable":true,"href":"https:\/\/www.pannaanna.com.pl\/index.php\/wp-json\/wp\/v2\/product_tag?post=3101"}],"curies":[{"name":"wp","href":"https:\/\/api.w.org\/{rel}","templated":true}]}}